{"id":3136,"date":"2024-10-02T23:30:36","date_gmt":"2024-10-02T20:30:36","guid":{"rendered":"https:\/\/festival2024.rixc.org\/?page_id=3136"},"modified":"2024-10-16T22:50:35","modified_gmt":"2024-10-16T19:50:35","slug":"synthetic-sense-satellite-event-performance-programme","status":"publish","type":"page","link":"https:\/\/festival2024.rixc.org\/?page_id=3136","title":{"rendered":"Synthetic Sense. [Satellite Event] Performance Programme"},"content":{"rendered":"\n<p>Friday, October 25, 2024<br><strong>Synthetic Sense. [Satellite Event] Performance Programme<\/strong><strong><br><\/strong><em>1983 bar, Vagonu iela 21<\/em><\/p>\n\n\n\n<p><strong>Starting 21.00<\/strong><\/p>\n\n\n\n<p>Concluding the RIXC Art Science Festival on October 25, 2024, we offer you to attend the festival satellite event, Synthetic Sense performance programme organized by Creative Crib at 1983 bar, Vagonu iela 21.<\/p>\n\n\n\n<p>The event will feature live electronic music from artists of various contemporary subgenres throughout the night.<\/p>\n\n\n\n<p>From 21.00\u201300.00 you will hear atmospheric and experimental sounds, as well as an audio-visual performance by RIXC residency Ukrainian artist Oleksandr Sirous.<\/p>\n\n\n\n<p>After midnight, electronic dance music artists of different genres will perform.<\/p>\n\n\n\n<p>Entry: 10 \u20ac Donation (5 \u20ac donation with the RIXC Festival Pass) at the venue.<\/p>\n\n\n\n<p>Artists:<\/p>\n\n\n\n<p><strong>I SWEAR \/ CZ <\/strong>|<a href=\"https:\/\/jcdecaux.bandcamp.com\/album\/hideout\"> https:\/\/jcdecaux.bandcamp.com\/album\/hideout<\/a><\/p>\n\n\n\n<p><strong>OLEKSANDR SIROUS \/ UA<\/strong> | <a href=\"https:\/\/sirousoleksandr.com\/intro\/\">https:\/\/sirousoleksandr.com\/intro\/<\/a><\/p>\n\n\n\n<p><strong>EIII<\/strong> |<a href=\"https:\/\/linktr.ee\/eiii_eiii\"> https:\/\/linktr.ee\/eiii_eiii<\/a><\/p>\n\n\n\n<p><strong>DAFELZ<\/strong> |<a href=\"https:\/\/soundcloud.com\/mcdaffels\"> https:\/\/soundcloud.com\/mcdaffels<\/a><\/p>\n\n\n\n<p><strong>VANCKARS<\/strong> |<a href=\"http:\/\/pr.mplab.lv\/vanckars\/\"> http:\/\/pr.mplab.lv\/vanckars\/<\/a><\/p>\n\n\n\n<p><strong>LJOHA<\/strong> |<a href=\"https:\/\/ljoha.bandcamp.com\/\"> https:\/\/ljoha.bandcamp.com\/<\/a><\/p>\n\n\n\n<p><strong>3ELECTRONIX<\/strong> |<a href=\"https:\/\/soundcloud.com\/3electronix\"> https:\/\/soundcloud.com\/3electronix<\/a><\/p>\n\n\n\n<p><strong>SEIMURS GUSEINOVS<\/strong> |<a href=\"https:\/\/www.instagram.com\/dr.saymoreacid\/\"> https:\/\/www.instagram.com\/dr.saymoreacid\/<\/a><\/p>\n\n\n\n<p><strong>MIU<\/strong> |<a href=\"https:\/\/soundcloud.com\/raivisvaiders\"> https:\/\/soundcloud.com\/raivisvaiders<\/a><\/p>\n\n\n\n<p><strong>KENTASSO<\/strong> |<a href=\"https:\/\/soundcloud.com\/kentassokent\"> https:\/\/soundcloud.com\/kentassokent<\/a><\/p>\n\n\n\n<p><strong>ECHOEAST<\/strong> |<a href=\"https:\/\/soundcloud.com\/echoeast\"> https:\/\/soundcloud.com\/echoeast<\/a><\/p>\n\n\n\n<figure class=\"wp-block-image size-full\"><img loading=\"lazy\" decoding=\"async\" width=\"1024\" height=\"536\" src=\"https:\/\/festival2024.rixc.org\/wp-content\/uploads\/2024\/10\/Performances-horizont-sintetik-sense-1024.png\" alt=\"\" class=\"wp-image-3137\" srcset=\"https:\/\/festival2024.rixc.org\/wp-content\/uploads\/2024\/10\/Performances-horizont-sintetik-sense-1024.png 1024w, https:\/\/festival2024.rixc.org\/wp-content\/uploads\/2024\/10\/Performances-horizont-sintetik-sense-1024-300x157.png 300w, https:\/\/festival2024.rixc.org\/wp-content\/uploads\/2024\/10\/Performances-horizont-sintetik-sense-1024-768x402.png 768w\" sizes=\"auto, (max-width: 1024px) 100vw, 1024px\" \/><\/figure>\n\n\n\n<p>Piektdiena, 2024. gada 25. oktobris<br><strong>Synthetic Sense. [Satel\u012btpas\u0101kums] Performan\u010du programma<\/strong><strong><br><\/strong><em>B\u0101rs 1983, Vagonu iela 21<\/em><\/p>\n\n\n\n<p><strong>S\u0101kot no plkst. 21.00<\/strong><\/p>\n\n\n\n<p>Nosl\u0113dzoties RIXC M\u0101klsas un zin\u0101tnes festiv\u0101lam 25. oktobr\u012b pied\u0101v\u0101jam apmekl\u0113t festiv\u0101la satel\u012btpas\u0101kumu, performan\u010du programmu \u201cSynthetic Sense\u201d, ko organiz\u0113 \u201cCreative Crib\u201d, b\u0101r\u0101 1983, Vagonu iel\u0101 21 no plkst. 21.00.<\/p>\n\n\n\n<p>Pas\u0101kum\u0101 skan\u0113s dz\u012bv\u0101 elektronisk\u0101 m\u016bzika no da\u017e\u0101du laikmet\u012bgu sub\u017eanru m\u0101ksliniekiem visas nakts garum\u0101.<\/p>\n\n\n\n<p>No plkst. 21.00 l\u012bdz 00.00 b\u016bs dzirdami atmosf\u0113riski un eksperiment\u0101li skan\u0113jumi, k\u0101 ar\u012b RIXC rezidences ukrai\u0146u m\u0101kslinieka Oleksandra Sirusa (<em>Oleksandr Sirous<\/em>) audiovizu\u0101la performance.<\/p>\n\n\n\n<p>P\u0113c pusnakts uzst\u0101sies da\u017e\u0101du \u017eanru elektronisk\u0101s deju m\u016bzikas m\u0101kslinieki.<\/p>\n\n\n\n<p>Ieeja : 10 \u20ac ziedojums (5 \u20ac uzr\u0101dot RIXC festiv\u0101la bi\u013ceti) pas\u0101kuma norises viet\u0101.<\/p>\n\n\n\n<p>M\u0101kslinieki:<\/p>\n\n\n\n<p><strong>I SWEAR \/ CZ <\/strong>|<a href=\"https:\/\/jcdecaux.bandcamp.com\/album\/hideout\"> https:\/\/jcdecaux.bandcamp.com\/album\/hideout<\/a><\/p>\n\n\n\n<p><strong>OLEKSANDR SIROUS \/ UA<\/strong> | <a href=\"https:\/\/sirousoleksandr.com\/intro\/\">https:\/\/sirousoleksandr.com\/intro\/<\/a><\/p>\n\n\n\n<p><strong>EIII<\/strong> |<a href=\"https:\/\/linktr.ee\/eiii_eiii\"> https:\/\/linktr.ee\/eiii_eiii<\/a><\/p>\n\n\n\n<p><strong>DAFELZ<\/strong> |<a href=\"https:\/\/soundcloud.com\/mcdaffels\"> https:\/\/soundcloud.com\/mcdaffels<\/a><\/p>\n\n\n\n<p><strong>VANCKARS<\/strong> |<a href=\"http:\/\/pr.mplab.lv\/vanckars\/\"> http:\/\/pr.mplab.lv\/vanckars\/<\/a><\/p>\n\n\n\n<p><strong>LJOHA<\/strong> |<a href=\"https:\/\/ljoha.bandcamp.com\/\"> https:\/\/ljoha.bandcamp.com\/<\/a><\/p>\n\n\n\n<p><strong>3ELECTRONIX<\/strong> |<a href=\"https:\/\/soundcloud.com\/3electronix\"> https:\/\/soundcloud.com\/3electronix<\/a><\/p>\n\n\n\n<p><strong>SEIMURS GUSEINOVS<\/strong> |<a href=\"https:\/\/www.instagram.com\/dr.saymoreacid\/\"> https:\/\/www.instagram.com\/dr.saymoreacid\/<\/a><\/p>\n\n\n\n<p><strong>MIU<\/strong> |<a href=\"https:\/\/soundcloud.com\/raivisvaiders\"> https:\/\/soundcloud.com\/raivisvaiders<\/a><\/p>\n\n\n\n<p><strong>KENTASSO<\/strong> |<a href=\"https:\/\/soundcloud.com\/kentassokent\"> https:\/\/soundcloud.com\/kentassokent<\/a><\/p>\n\n\n\n<p><strong>ECHOEAST<\/strong> |<a href=\"https:\/\/soundcloud.com\/echoeast\"> https:\/\/soundcloud.com\/echoeast<\/a><\/p>\n","protected":false},"excerpt":{"rendered":"<p>Friday, October 25, 2024Synthetic Sense. [Satellite Event] Performance Programme1983 bar, Vagonu iela 21 Starting 21.00 Concluding the RIXC Art Science Festival on October 25, 2024, we offer you to attend the festival satellite event, Synthetic Sense performance programme organized by Creative Crib at 1983 bar, Vagonu iela 21. The event will feature live electronic music [&hellip;]<\/p>\n","protected":false},"author":3,"featured_media":0,"parent":0,"menu_order":0,"comment_status":"closed","ping_status":"closed","template":"","meta":{"_acf_changed":false,"footnotes":""},"class_list":["post-3136","page","type-page","status-publish","hentry"],"acf":[],"_links":{"self":[{"href":"https:\/\/festival2024.rixc.org\/index.php?rest_route=\/wp\/v2\/pages\/3136","targetHints":{"allow":["GET"]}}],"collection":[{"href":"https:\/\/festival2024.rixc.org\/index.php?rest_route=\/wp\/v2\/pages"}],"about":[{"href":"https:\/\/festival2024.rixc.org\/index.php?rest_route=\/wp\/v2\/types\/page"}],"author":[{"embeddable":true,"href":"https:\/\/festival2024.rixc.org\/index.php?rest_route=\/wp\/v2\/users\/3"}],"replies":[{"embeddable":true,"href":"https:\/\/festival2024.rixc.org\/index.php?rest_route=%2Fwp%2Fv2%2Fcomments&post=3136"}],"version-history":[{"count":3,"href":"https:\/\/festival2024.rixc.org\/index.php?rest_route=\/wp\/v2\/pages\/3136\/revisions"}],"predecessor-version":[{"id":3236,"href":"https:\/\/festival2024.rixc.org\/index.php?rest_route=\/wp\/v2\/pages\/3136\/revisions\/3236"}],"wp:attachment":[{"href":"https:\/\/festival2024.rixc.org\/index.php?rest_route=%2Fwp%2Fv2%2Fmedia&parent=3136"}],"curies":[{"name":"wp","href":"https:\/\/api.w.org\/{rel}","templated":true}]}}