{"id":2985,"date":"2024-09-11T15:36:23","date_gmt":"2024-09-11T12:36:23","guid":{"rendered":"https:\/\/festival2024.rixc.org\/?page_id=2985"},"modified":"2024-12-16T00:02:27","modified_gmt":"2024-12-15T21:02:27","slug":"studio-abovebelow","status":"publish","type":"page","link":"https:\/\/festival2024.rixc.org\/?page_id=2985","title":{"rendered":"Studio Above&amp;Below"},"content":{"rendered":"\n<p><strong>Studio Above&amp;Below (DE\/UK) in collaboration with Yau Fan<br>Meditative Cohabitation<br><\/strong><em>Custom audio sensor, audio classification machine learning model, touchdesigner, unreal engine, 2023<\/em><\/p>\n\n\n\n<figure class=\"wp-block-image size-large\"><img loading=\"lazy\" decoding=\"async\" width=\"1024\" height=\"684\" src=\"https:\/\/festival2024.rixc.org\/wp-content\/uploads\/2024\/12\/54132675370_ce72cdee07_k-1-1024x684.jpg\" alt=\"\" class=\"wp-image-3578\" srcset=\"https:\/\/festival2024.rixc.org\/wp-content\/uploads\/2024\/12\/54132675370_ce72cdee07_k-1-1024x684.jpg 1024w, https:\/\/festival2024.rixc.org\/wp-content\/uploads\/2024\/12\/54132675370_ce72cdee07_k-1-300x200.jpg 300w, https:\/\/festival2024.rixc.org\/wp-content\/uploads\/2024\/12\/54132675370_ce72cdee07_k-1-768x513.jpg 768w, https:\/\/festival2024.rixc.org\/wp-content\/uploads\/2024\/12\/54132675370_ce72cdee07_k-1-1536x1025.jpg 1536w, https:\/\/festival2024.rixc.org\/wp-content\/uploads\/2024\/12\/54132675370_ce72cdee07_k-1.jpg 2048w\" sizes=\"auto, (max-width: 1024px) 100vw, 1024px\" \/><figcaption class=\"wp-element-caption\"><em>Studio Above&amp;Below in collaboration with Yau Fan. Meditative Cohabitation, 2023. Symbiotic Sense(s) exhibition, Riga, 2024. Photo: Lelde G\u016btmane<\/em><\/figcaption><\/figure>\n\n\n\n<p>Meditative Cohabitation is an audio-visual experience investigating multi-species communication in future cities through the means of advanced technologies. Grounded in bio acoustics recordings and 3D scans of the biotop of Marais Wiels which is located in the heart of the urban landscape of Brussels, the immersive installation invites the audience to meditate between multispecies sounds and a responsive multiscreen landscape.<br>The project aims to engage with interspecies realities through Games Engines and AI technologies to declare the need of interspecies acknowledgement within our design process and datasets in order to build empathy and purpose for advanced technologies to serve more than human lifeforms.<br><br><strong>Studio Above&amp;Below<\/strong> is a London-based art and technology practice founded by Daria Jelonek (Germany) and Perry-James Sugden (UK) after they graduated from the Royal College of Art. Their work combines digital art, data, and XR to reveal unseen connections between humans, machines, and the environment.<br>Believing in research-based projects, Studio Above&amp;Below frequently collaborates with scientists, technologists, and communities to push the boundaries of digital media for future living. Over the past few years, the duo has created groundbreaking and innovative artworks using immersive technologies and data to make the invisible visible and to give our environment a voice to express itself.<br>Their work has been exhibited internationally at institutions and festivals including the Royal Academy, Tate Modern, V&amp;A London, Nottingham Contemporary, Photophore during the Venice Biennale, HeK Basel, MEET Milan, NRW Forum, UCCA Shanghai, Today Art Museum, WRO Biennale, WIRED Japan, and Sonar+D. Previous awards and funding include the Lumen Prize (shortlisted), Bloomberg Bursary, the Battersea Sculpture Prize, Factory Berlin x Sonar+D Artist in Residency, and the S+T+Arts x Nesta Italia City of the Future prize. Their work has been featured in publications such as the New York Times, MAXON, Arte, and It\u2019s Nice That.<\/p>\n\n\n\n<figure class=\"wp-block-image size-large\"><img loading=\"lazy\" decoding=\"async\" width=\"1024\" height=\"684\" src=\"https:\/\/festival2024.rixc.org\/wp-content\/uploads\/2024\/12\/54131370727_f6db6886f7_k-1024x684.jpg\" alt=\"\" class=\"wp-image-3579\" srcset=\"https:\/\/festival2024.rixc.org\/wp-content\/uploads\/2024\/12\/54131370727_f6db6886f7_k-1024x684.jpg 1024w, https:\/\/festival2024.rixc.org\/wp-content\/uploads\/2024\/12\/54131370727_f6db6886f7_k-300x200.jpg 300w, https:\/\/festival2024.rixc.org\/wp-content\/uploads\/2024\/12\/54131370727_f6db6886f7_k-768x513.jpg 768w, https:\/\/festival2024.rixc.org\/wp-content\/uploads\/2024\/12\/54131370727_f6db6886f7_k-1536x1025.jpg 1536w, https:\/\/festival2024.rixc.org\/wp-content\/uploads\/2024\/12\/54131370727_f6db6886f7_k.jpg 2048w\" sizes=\"auto, (max-width: 1024px) 100vw, 1024px\" \/><figcaption class=\"wp-element-caption\"><em>Studio Above&amp;Below in collaboration with Yau Fan. Meditative Cohabitation, 2023. Symbiotic Sense(s) exhibition, Riga, 2024. Photo: Lelde G\u016btmane<\/em><\/figcaption><\/figure>\n\n\n\n<p><strong>Studio Above&amp;Below (DE\/UK) sadar\u012bb\u0101 ar Jau Fanu<br>Meditat\u012bva l\u012bdzpast\u0101v\u0113\u0161ana<\/strong><br><em>2023<\/em><\/p>\n\n\n\n<p><em>Meditat\u012bva l\u012bdzpast\u0101v\u0113\u0161ana<\/em> ir audiovizu\u0101la pieredze, kas p\u0113ta da\u017e\u0101du sugu komunik\u0101ciju n\u0101kotnes pils\u0113t\u0101s, izmantojot progres\u012bvas tehnolo\u0123ijas. Iedvesmojo\u0161\u0101 instal\u0101cija, kas balst\u012bta uz bioakustikas ierakstiem un tr\u012bsdimension\u0101li iesken\u0113ta Marais Wiels biotopa, kas atrodas Briseles pils\u0113tvides centr\u0101, aicina skat\u012bt\u0101jus meditat\u012bvi pavad\u012bt laiku starp daudzu sugu ska\u0146\u0101m un rea\u0123\u0113jo\u0161u daudzekr\u0101nu ainavu.<br>Projekta m\u0113r\u0137is ir iesaist\u012bties starpsugu realit\u0101t\u0113, izmantojot sp\u0113\u013cu dzin\u0113jus un m\u0101ksl\u012bg\u0101 intelekta tehnolo\u0123ijas, lai nor\u0101d\u012btu uz nepiecie\u0161am\u012bbu p\u0113c starpsugu atz\u012b\u0161anas dizaina procesos un datu kop\u0101s, vairojot emp\u0101tiju un izvirzot m\u0113r\u0137i, ka modern\u0101s tehnolo\u0123ijas var kalpot ne tikai cilv\u0113ku dz\u012bv\u012bbas form\u0101m.<\/p>\n\n\n\n<figure class=\"wp-block-image size-large\"><img loading=\"lazy\" decoding=\"async\" width=\"1024\" height=\"684\" src=\"https:\/\/festival2024.rixc.org\/wp-content\/uploads\/2024\/12\/54132209406_e03b9f7ca4_k-1024x684.jpg\" alt=\"\" class=\"wp-image-3580\" srcset=\"https:\/\/festival2024.rixc.org\/wp-content\/uploads\/2024\/12\/54132209406_e03b9f7ca4_k-1024x684.jpg 1024w, https:\/\/festival2024.rixc.org\/wp-content\/uploads\/2024\/12\/54132209406_e03b9f7ca4_k-300x200.jpg 300w, https:\/\/festival2024.rixc.org\/wp-content\/uploads\/2024\/12\/54132209406_e03b9f7ca4_k-768x513.jpg 768w, https:\/\/festival2024.rixc.org\/wp-content\/uploads\/2024\/12\/54132209406_e03b9f7ca4_k-1536x1025.jpg 1536w, https:\/\/festival2024.rixc.org\/wp-content\/uploads\/2024\/12\/54132209406_e03b9f7ca4_k.jpg 2048w\" sizes=\"auto, (max-width: 1024px) 100vw, 1024px\" \/><\/figure>\n\n\n\n<figure class=\"wp-block-image size-large\"><img loading=\"lazy\" decoding=\"async\" width=\"1024\" height=\"684\" src=\"https:\/\/festival2024.rixc.org\/wp-content\/uploads\/2024\/12\/54132557964_1197645ba0_k-1024x684.jpg\" alt=\"\" class=\"wp-image-3581\" srcset=\"https:\/\/festival2024.rixc.org\/wp-content\/uploads\/2024\/12\/54132557964_1197645ba0_k-1024x684.jpg 1024w, https:\/\/festival2024.rixc.org\/wp-content\/uploads\/2024\/12\/54132557964_1197645ba0_k-300x200.jpg 300w, https:\/\/festival2024.rixc.org\/wp-content\/uploads\/2024\/12\/54132557964_1197645ba0_k-768x513.jpg 768w, https:\/\/festival2024.rixc.org\/wp-content\/uploads\/2024\/12\/54132557964_1197645ba0_k-1536x1025.jpg 1536w, https:\/\/festival2024.rixc.org\/wp-content\/uploads\/2024\/12\/54132557964_1197645ba0_k.jpg 2048w\" sizes=\"auto, (max-width: 1024px) 100vw, 1024px\" \/><figcaption class=\"wp-element-caption\"><em>Studio Above&amp;Below in collaboration with Yau Fan. Meditative Cohabitation, 2023. Symbiotic Sense(s) exhibition, Riga, 2024. Photos: Lelde G\u016btmane<\/em><\/figcaption><\/figure>\n\n\n\n<figure class=\"wp-block-image size-large\"><img loading=\"lazy\" decoding=\"async\" width=\"1024\" height=\"640\" src=\"https:\/\/festival2024.rixc.org\/wp-content\/uploads\/2024\/09\/10-1024x640.jpg\" alt=\"\" class=\"wp-image-3075\" srcset=\"https:\/\/festival2024.rixc.org\/wp-content\/uploads\/2024\/09\/10-1024x640.jpg 1024w, https:\/\/festival2024.rixc.org\/wp-content\/uploads\/2024\/09\/10-300x188.jpg 300w, https:\/\/festival2024.rixc.org\/wp-content\/uploads\/2024\/09\/10-768x480.jpg 768w, https:\/\/festival2024.rixc.org\/wp-content\/uploads\/2024\/09\/10-1536x960.jpg 1536w, https:\/\/festival2024.rixc.org\/wp-content\/uploads\/2024\/09\/10-2048x1280.jpg 2048w\" sizes=\"auto, (max-width: 1024px) 100vw, 1024px\" \/><\/figure>\n\n\n\n<figure class=\"wp-block-image size-large\"><img loading=\"lazy\" decoding=\"async\" width=\"1024\" height=\"640\" src=\"https:\/\/festival2024.rixc.org\/wp-content\/uploads\/2024\/09\/13-1024x640.jpg\" alt=\"\" class=\"wp-image-3077\" srcset=\"https:\/\/festival2024.rixc.org\/wp-content\/uploads\/2024\/09\/13-1024x640.jpg 1024w, https:\/\/festival2024.rixc.org\/wp-content\/uploads\/2024\/09\/13-300x188.jpg 300w, https:\/\/festival2024.rixc.org\/wp-content\/uploads\/2024\/09\/13-768x480.jpg 768w, https:\/\/festival2024.rixc.org\/wp-content\/uploads\/2024\/09\/13-1536x960.jpg 1536w, https:\/\/festival2024.rixc.org\/wp-content\/uploads\/2024\/09\/13-2048x1280.jpg 2048w\" sizes=\"auto, (max-width: 1024px) 100vw, 1024px\" \/><\/figure>\n\n\n\n<figure class=\"wp-block-image size-large\"><img loading=\"lazy\" decoding=\"async\" width=\"1024\" height=\"640\" src=\"https:\/\/festival2024.rixc.org\/wp-content\/uploads\/2024\/09\/4-1024x640.jpg\" alt=\"\" class=\"wp-image-3078\" srcset=\"https:\/\/festival2024.rixc.org\/wp-content\/uploads\/2024\/09\/4-1024x640.jpg 1024w, https:\/\/festival2024.rixc.org\/wp-content\/uploads\/2024\/09\/4-300x188.jpg 300w, https:\/\/festival2024.rixc.org\/wp-content\/uploads\/2024\/09\/4-768x480.jpg 768w, https:\/\/festival2024.rixc.org\/wp-content\/uploads\/2024\/09\/4-1536x960.jpg 1536w, https:\/\/festival2024.rixc.org\/wp-content\/uploads\/2024\/09\/4-2048x1280.jpg 2048w\" sizes=\"auto, (max-width: 1024px) 100vw, 1024px\" \/><\/figure>\n\n\n\n<figure class=\"wp-block-image size-large\"><img loading=\"lazy\" decoding=\"async\" width=\"1024\" height=\"640\" src=\"https:\/\/festival2024.rixc.org\/wp-content\/uploads\/2024\/09\/2-1024x640.jpg\" alt=\"\" class=\"wp-image-3079\" srcset=\"https:\/\/festival2024.rixc.org\/wp-content\/uploads\/2024\/09\/2-1024x640.jpg 1024w, https:\/\/festival2024.rixc.org\/wp-content\/uploads\/2024\/09\/2-300x188.jpg 300w, https:\/\/festival2024.rixc.org\/wp-content\/uploads\/2024\/09\/2-768x480.jpg 768w, https:\/\/festival2024.rixc.org\/wp-content\/uploads\/2024\/09\/2-1536x960.jpg 1536w, https:\/\/festival2024.rixc.org\/wp-content\/uploads\/2024\/09\/2-2048x1280.jpg 2048w\" sizes=\"auto, (max-width: 1024px) 100vw, 1024px\" \/><\/figure>\n","protected":false},"excerpt":{"rendered":"<p>Studio Above&amp;Below (DE\/UK) in collaboration with Yau FanMeditative CohabitationCustom audio sensor, audio classification machine learning model, touchdesigner, unreal engine, 2023 Meditative Cohabitation is an audio-visual experience investigating multi-species communication in future cities through the means of advanced technologies. Grounded in bio acoustics recordings and 3D scans of the biotop of Marais Wiels which is located [&hellip;]<\/p>\n","protected":false},"author":3,"featured_media":0,"parent":0,"menu_order":0,"comment_status":"closed","ping_status":"closed","template":"","meta":{"_acf_changed":false,"footnotes":""},"class_list":["post-2985","page","type-page","status-publish","hentry"],"acf":[],"_links":{"self":[{"href":"https:\/\/festival2024.rixc.org\/index.php?rest_route=\/wp\/v2\/pages\/2985","targetHints":{"allow":["GET"]}}],"collection":[{"href":"https:\/\/festival2024.rixc.org\/index.php?rest_route=\/wp\/v2\/pages"}],"about":[{"href":"https:\/\/festival2024.rixc.org\/index.php?rest_route=\/wp\/v2\/types\/page"}],"author":[{"embeddable":true,"href":"https:\/\/festival2024.rixc.org\/index.php?rest_route=\/wp\/v2\/users\/3"}],"replies":[{"embeddable":true,"href":"https:\/\/festival2024.rixc.org\/index.php?rest_route=%2Fwp%2Fv2%2Fcomments&post=2985"}],"version-history":[{"count":6,"href":"https:\/\/festival2024.rixc.org\/index.php?rest_route=\/wp\/v2\/pages\/2985\/revisions"}],"predecessor-version":[{"id":3582,"href":"https:\/\/festival2024.rixc.org\/index.php?rest_route=\/wp\/v2\/pages\/2985\/revisions\/3582"}],"wp:attachment":[{"href":"https:\/\/festival2024.rixc.org\/index.php?rest_route=%2Fwp%2Fv2%2Fmedia&parent=2985"}],"curies":[{"name":"wp","href":"https:\/\/api.w.org\/{rel}","templated":true}]}}