{"id":2983,"date":"2024-09-11T15:33:51","date_gmt":"2024-09-11T12:33:51","guid":{"rendered":"https:\/\/festival2024.rixc.org\/?page_id=2983"},"modified":"2024-12-15T23:44:26","modified_gmt":"2024-12-15T20:44:26","slug":"sasha-litvintseva-beny-wagner","status":"publish","type":"page","link":"https:\/\/festival2024.rixc.org\/?page_id=2983","title":{"rendered":"Sasha Litvintseva &amp; Beny Wagner"},"content":{"rendered":"\n<p><strong>Sasha Litvintseva (UK) &amp; Beny Wagner (DE)<\/strong><strong><br><\/strong><strong>My Want of You Partakes of Me<\/strong><strong><br><\/strong><em>Video, 54 min, 2023<\/em><\/p>\n\n\n\n<figure class=\"wp-block-image size-large\"><img loading=\"lazy\" decoding=\"async\" width=\"1024\" height=\"576\" src=\"https:\/\/festival2024.rixc.org\/wp-content\/uploads\/2024\/09\/MWOYPOM-still-2-1024x576.jpg\" alt=\"\" class=\"wp-image-3063\" srcset=\"https:\/\/festival2024.rixc.org\/wp-content\/uploads\/2024\/09\/MWOYPOM-still-2-1024x576.jpg 1024w, https:\/\/festival2024.rixc.org\/wp-content\/uploads\/2024\/09\/MWOYPOM-still-2-300x169.jpg 300w, https:\/\/festival2024.rixc.org\/wp-content\/uploads\/2024\/09\/MWOYPOM-still-2-768x432.jpg 768w, https:\/\/festival2024.rixc.org\/wp-content\/uploads\/2024\/09\/MWOYPOM-still-2-1536x864.jpg 1536w, https:\/\/festival2024.rixc.org\/wp-content\/uploads\/2024\/09\/MWOYPOM-still-2.jpg 1920w\" sizes=\"auto, (max-width: 1024px) 100vw, 1024px\" \/><figcaption class=\"wp-element-caption\"><mark style=\"background-color:rgba(0, 0, 0, 0)\" class=\"has-inline-color has-cyan-bluish-gray-color\">Still from <em>My Want of You Partakes of Me<\/em>, courtesy of the artists.<\/mark><\/figcaption><\/figure>\n\n\n\n<p>My Want of You Partakes of Me interrogates digestion as the fundamental condition for being in the world, a process of physiological, psychological, spiritual, literary and political dimensions. Multiple storylines trace the poetics of incorporation as a matter of metamorphosis and decay, the philosophy of matter and imperial conquest, industrialisation and annihilation, poetry and parenting, love and citation.<br><br><strong>Sasha Litvintseva and Beny Wagner<\/strong> are artists, filmmakers, and writers who have been working collaboratively since 2018. Their practice, which focuses on moving images as a tool for the active production of new worlds, is driven by questions about the thresholds between the body and its surroundings, knowledge regimes and power, and modes of organizing and perceiving the natural world. Their collaborative work has been presented globally, including at the Berlinale, Rotterdam, CPH:DOX, Courtisane, Open City Docs, EXiS Seoul film festivals, Tate Modern, CAC Vilnius, Los Angeles Filmforum, Museum of the Moving Image NY, Transmediale, Sonic Acts, Seoul Mediacity Biennale, Taiwan Video Art Exhibition, and the Baltic Triennial. Their work was also featured on the Criterion Channel. Their films have won numerous awards, including the Silvestre Award for Best Short Film at IndieLisboa and Best Short Documentary at the Guanajuato Film Festival.<\/p>\n\n\n\n<figure class=\"wp-block-image size-large\"><img loading=\"lazy\" decoding=\"async\" width=\"1024\" height=\"684\" src=\"https:\/\/festival2024.rixc.org\/wp-content\/uploads\/2024\/12\/54132207321_51c3a25a27_k-1-1024x684.jpg\" alt=\"\" class=\"wp-image-3564\" srcset=\"https:\/\/festival2024.rixc.org\/wp-content\/uploads\/2024\/12\/54132207321_51c3a25a27_k-1-1024x684.jpg 1024w, https:\/\/festival2024.rixc.org\/wp-content\/uploads\/2024\/12\/54132207321_51c3a25a27_k-1-300x200.jpg 300w, https:\/\/festival2024.rixc.org\/wp-content\/uploads\/2024\/12\/54132207321_51c3a25a27_k-1-768x513.jpg 768w, https:\/\/festival2024.rixc.org\/wp-content\/uploads\/2024\/12\/54132207321_51c3a25a27_k-1-1536x1025.jpg 1536w, https:\/\/festival2024.rixc.org\/wp-content\/uploads\/2024\/12\/54132207321_51c3a25a27_k-1.jpg 2048w\" sizes=\"auto, (max-width: 1024px) 100vw, 1024px\" \/><figcaption class=\"wp-element-caption\"><em>Sasha Litvintseva &amp; Beny Wagner. My Want of You Partakes of Me, 2023. Symbiotic Sense(s) exhibition, Riga, 2024. Photo: Lelde G\u016btmane<\/em><\/figcaption><\/figure>\n\n\n\n<p><strong>Sa\u0161a Litvinceva (UK) &amp; Benijs V\u0101gners (DE)<br>Mana v\u0113lme p\u0113c tevis ir da\u013ca no manis<\/strong><br><em>2023<\/em><\/p>\n\n\n\n<p>Mana v\u0113lme p\u0113c tevis ir da\u013ca no manis izjaut\u0101 gremo\u0161anu k\u0101 pamatnosac\u012bjumu es\u012bbas formai \u2013 fiziolo\u0123isku, psiholo\u0123isku, gar\u012bgu, liter\u0101ru un politisku dimensiju procesu. Daudz\u0101s si\u017eetisk\u0101s l\u012bnijas izseko inkorpor\u0101cijas k\u0101 metamorfozes un sabruk\u0161anas po\u0113tikai, mat\u0113rijas filozofijai un imp\u0113riskajai iekaro\u0161anai, industrializ\u0101cijai un izn\u012bc\u012bbai, dzejai un vec\u0101ku audzin\u0101\u0161anai, m\u012blest\u012bbai un cit\u0101tiem.<\/p>\n\n\n\n<figure class=\"wp-block-gallery has-nested-images columns-default is-cropped wp-block-gallery-1 is-layout-flex wp-block-gallery-is-layout-flex\">\n<figure class=\"wp-block-image size-large\"><img loading=\"lazy\" decoding=\"async\" width=\"684\" height=\"1024\" data-id=\"3566\" src=\"https:\/\/festival2024.rixc.org\/wp-content\/uploads\/2024\/12\/54132674070_2a1f9afc0f_k-684x1024.jpg\" alt=\"\" class=\"wp-image-3566\" srcset=\"https:\/\/festival2024.rixc.org\/wp-content\/uploads\/2024\/12\/54132674070_2a1f9afc0f_k-684x1024.jpg 684w, https:\/\/festival2024.rixc.org\/wp-content\/uploads\/2024\/12\/54132674070_2a1f9afc0f_k-200x300.jpg 200w, https:\/\/festival2024.rixc.org\/wp-content\/uploads\/2024\/12\/54132674070_2a1f9afc0f_k-768x1151.jpg 768w, https:\/\/festival2024.rixc.org\/wp-content\/uploads\/2024\/12\/54132674070_2a1f9afc0f_k-1025x1536.jpg 1025w, https:\/\/festival2024.rixc.org\/wp-content\/uploads\/2024\/12\/54132674070_2a1f9afc0f_k.jpg 1367w\" sizes=\"auto, (max-width: 684px) 100vw, 684px\" \/><\/figure>\n\n\n\n<figure class=\"wp-block-image size-large\"><img loading=\"lazy\" decoding=\"async\" width=\"684\" height=\"1024\" data-id=\"3567\" src=\"https:\/\/festival2024.rixc.org\/wp-content\/uploads\/2024\/12\/54132674185_347175a68a_k-684x1024.jpg\" alt=\"\" class=\"wp-image-3567\" srcset=\"https:\/\/festival2024.rixc.org\/wp-content\/uploads\/2024\/12\/54132674185_347175a68a_k-684x1024.jpg 684w, https:\/\/festival2024.rixc.org\/wp-content\/uploads\/2024\/12\/54132674185_347175a68a_k-200x300.jpg 200w, https:\/\/festival2024.rixc.org\/wp-content\/uploads\/2024\/12\/54132674185_347175a68a_k-768x1151.jpg 768w, https:\/\/festival2024.rixc.org\/wp-content\/uploads\/2024\/12\/54132674185_347175a68a_k-1025x1536.jpg 1025w, https:\/\/festival2024.rixc.org\/wp-content\/uploads\/2024\/12\/54132674185_347175a68a_k.jpg 1367w\" sizes=\"auto, (max-width: 684px) 100vw, 684px\" \/><\/figure>\n<\/figure>\n\n\n\n<p><em>Sasha Litvintseva &amp; Beny Wagner. My Want of You Partakes of Me, 2023. Symbiotic Sense(s) exhibition, Riga, 2024. Photos: Lelde G\u016btmane<\/em><\/p>\n\n\n\n<figure class=\"wp-block-image size-large\"><img loading=\"lazy\" decoding=\"async\" width=\"1024\" height=\"576\" src=\"https:\/\/festival2024.rixc.org\/wp-content\/uploads\/2024\/09\/MWOYPOM-still-1-1024x576.jpg\" alt=\"\" class=\"wp-image-3065\" srcset=\"https:\/\/festival2024.rixc.org\/wp-content\/uploads\/2024\/09\/MWOYPOM-still-1-1024x576.jpg 1024w, https:\/\/festival2024.rixc.org\/wp-content\/uploads\/2024\/09\/MWOYPOM-still-1-300x169.jpg 300w, https:\/\/festival2024.rixc.org\/wp-content\/uploads\/2024\/09\/MWOYPOM-still-1-768x432.jpg 768w, https:\/\/festival2024.rixc.org\/wp-content\/uploads\/2024\/09\/MWOYPOM-still-1-1536x864.jpg 1536w, https:\/\/festival2024.rixc.org\/wp-content\/uploads\/2024\/09\/MWOYPOM-still-1.jpg 1920w\" sizes=\"auto, (max-width: 1024px) 100vw, 1024px\" \/><figcaption class=\"wp-element-caption\"><mark style=\"background-color:rgba(0, 0, 0, 0)\" class=\"has-inline-color has-cyan-bluish-gray-color\">Still from <em>My Want of You Partakes of Me<\/em>, courtesy of the artists.<\/mark><\/figcaption><\/figure>\n\n\n\n<figure class=\"wp-block-image size-large\"><img loading=\"lazy\" decoding=\"async\" width=\"1024\" height=\"576\" src=\"https:\/\/festival2024.rixc.org\/wp-content\/uploads\/2024\/09\/MWOYPOM-still-8-1024x576.jpg\" alt=\"\" class=\"wp-image-3066\" srcset=\"https:\/\/festival2024.rixc.org\/wp-content\/uploads\/2024\/09\/MWOYPOM-still-8-1024x576.jpg 1024w, https:\/\/festival2024.rixc.org\/wp-content\/uploads\/2024\/09\/MWOYPOM-still-8-300x169.jpg 300w, https:\/\/festival2024.rixc.org\/wp-content\/uploads\/2024\/09\/MWOYPOM-still-8-768x432.jpg 768w, https:\/\/festival2024.rixc.org\/wp-content\/uploads\/2024\/09\/MWOYPOM-still-8-1536x864.jpg 1536w, https:\/\/festival2024.rixc.org\/wp-content\/uploads\/2024\/09\/MWOYPOM-still-8.jpg 1920w\" sizes=\"auto, (max-width: 1024px) 100vw, 1024px\" \/><figcaption class=\"wp-element-caption\"><mark style=\"background-color:rgba(0, 0, 0, 0)\" class=\"has-inline-color has-cyan-bluish-gray-color\">Still from <em>My Want of You Partakes of Me<\/em>, courtesy of the artists.<\/mark><\/figcaption><\/figure>\n\n\n\n<p><\/p>\n","protected":false},"excerpt":{"rendered":"<p>Sasha Litvintseva (UK) &amp; Beny Wagner (DE)My Want of You Partakes of MeVideo, 54 min, 2023 My Want of You Partakes of Me interrogates digestion as the fundamental condition for being in the world, a process of physiological, psychological, spiritual, literary and political dimensions. Multiple storylines trace the poetics of incorporation as a matter of [&hellip;]<\/p>\n","protected":false},"author":3,"featured_media":0,"parent":0,"menu_order":0,"comment_status":"closed","ping_status":"closed","template":"","meta":{"_acf_changed":false,"footnotes":""},"class_list":["post-2983","page","type-page","status-publish","hentry"],"acf":[],"_links":{"self":[{"href":"https:\/\/festival2024.rixc.org\/index.php?rest_route=\/wp\/v2\/pages\/2983","targetHints":{"allow":["GET"]}}],"collection":[{"href":"https:\/\/festival2024.rixc.org\/index.php?rest_route=\/wp\/v2\/pages"}],"about":[{"href":"https:\/\/festival2024.rixc.org\/index.php?rest_route=\/wp\/v2\/types\/page"}],"author":[{"embeddable":true,"href":"https:\/\/festival2024.rixc.org\/index.php?rest_route=\/wp\/v2\/users\/3"}],"replies":[{"embeddable":true,"href":"https:\/\/festival2024.rixc.org\/index.php?rest_route=%2Fwp%2Fv2%2Fcomments&post=2983"}],"version-history":[{"count":6,"href":"https:\/\/festival2024.rixc.org\/index.php?rest_route=\/wp\/v2\/pages\/2983\/revisions"}],"predecessor-version":[{"id":3568,"href":"https:\/\/festival2024.rixc.org\/index.php?rest_route=\/wp\/v2\/pages\/2983\/revisions\/3568"}],"wp:attachment":[{"href":"https:\/\/festival2024.rixc.org\/index.php?rest_route=%2Fwp%2Fv2%2Fmedia&parent=2983"}],"curies":[{"name":"wp","href":"https:\/\/api.w.org\/{rel}","templated":true}]}}