{"id":2978,"date":"2024-09-11T15:27:01","date_gmt":"2024-09-11T12:27:01","guid":{"rendered":"https:\/\/festival2024.rixc.org\/?page_id=2978"},"modified":"2024-12-15T23:32:12","modified_gmt":"2024-12-15T20:32:12","slug":"po-hao-chi","status":"publish","type":"page","link":"https:\/\/festival2024.rixc.org\/?page_id=2978","title":{"rendered":"Po-Hao Chi"},"content":{"rendered":"\n<p><strong>Po-Hao Chi (TW)<\/strong><strong><br><\/strong><strong>Hydrospheric Sketch: A Sensorium of Moisture<\/strong><strong><br><\/strong><em>Audio recordings, dehumidifiers, humidifiers, flood mud ceramic, environment sensor, video, 2024<\/em><\/p>\n\n\n\n<figure class=\"wp-block-image size-large\"><img loading=\"lazy\" decoding=\"async\" width=\"1024\" height=\"684\" src=\"https:\/\/festival2024.rixc.org\/wp-content\/uploads\/2024\/12\/54131369407_b8b4255328_k-1-1024x684.jpg\" alt=\"\" class=\"wp-image-3553\" srcset=\"https:\/\/festival2024.rixc.org\/wp-content\/uploads\/2024\/12\/54131369407_b8b4255328_k-1-1024x684.jpg 1024w, https:\/\/festival2024.rixc.org\/wp-content\/uploads\/2024\/12\/54131369407_b8b4255328_k-1-300x200.jpg 300w, https:\/\/festival2024.rixc.org\/wp-content\/uploads\/2024\/12\/54131369407_b8b4255328_k-1-768x513.jpg 768w, https:\/\/festival2024.rixc.org\/wp-content\/uploads\/2024\/12\/54131369407_b8b4255328_k-1-1536x1025.jpg 1536w, https:\/\/festival2024.rixc.org\/wp-content\/uploads\/2024\/12\/54131369407_b8b4255328_k-1.jpg 2048w\" sizes=\"auto, (max-width: 1024px) 100vw, 1024px\" \/><figcaption class=\"wp-element-caption\"><em>Po-Hao Chi. Hydrospheric Sketch: A Sensorium of Moisture, 2024. Symbiotic Sense(s) exhibition, Riga, 2024. Photo: Lelde G\u016btmane<\/em><\/figcaption><\/figure>\n\n\n\n<p>Hydrospheric Sketch explores the sensory experience of humidity within the hydrosphere, inspired by the evolving relationship between people, water, and urban development in Taiwan&#8217;s Xizhi district, historically known as &#8220;Tsui-Tng-Ka,&#8221; where river and sea tides once converged. Over time, human interventions like flood control and urban expansion have distanced the district from these natural rhythms.<br>The new name, Xizhi, meaning &#8220;end of tides,&#8221; reflects the hope that floods would finally cease in this area, signaling both a geographical shift and a fading connection to the water that once defined the region and its community.<br>The artist incorporates recordings and footage of hydrological nodes, real-time environmental data, and AI-generated documentary visuals based on local interviews to form a conceptual &#8220;sketch&#8221; that delves into the trade-off of development, the symbolic significance of water, and the gradual fading of cultural memory.<br>The installation assembled several water-related elements to explore how everyday appliances\u2014such as dehumidifiers and humidifiers (crafted from flood mud)\u2014and smart home devices mediate and augment our sensory experiences.<\/p>\n\n\n\n<p><strong>Po-Hao Chi<\/strong> is an artist, curator, and educator working at the intersection of art, music, and technology. He is interested in the agency and collaborative capacities between humans and artefacts. Chi graduated from the Art, Culture, and Technology program at MIT, received his MMus from Goldsmiths, University of London, and holds a B.A. in Economics from National Taiwan University.<\/p>\n\n\n\n<figure class=\"wp-block-image size-large\"><img loading=\"lazy\" decoding=\"async\" width=\"1024\" height=\"684\" src=\"https:\/\/festival2024.rixc.org\/wp-content\/uploads\/2024\/12\/54092611426_a106f71f68_k-1024x684.jpg\" alt=\"\" class=\"wp-image-3555\" srcset=\"https:\/\/festival2024.rixc.org\/wp-content\/uploads\/2024\/12\/54092611426_a106f71f68_k-1024x684.jpg 1024w, https:\/\/festival2024.rixc.org\/wp-content\/uploads\/2024\/12\/54092611426_a106f71f68_k-300x200.jpg 300w, https:\/\/festival2024.rixc.org\/wp-content\/uploads\/2024\/12\/54092611426_a106f71f68_k-768x513.jpg 768w, https:\/\/festival2024.rixc.org\/wp-content\/uploads\/2024\/12\/54092611426_a106f71f68_k-1536x1025.jpg 1536w, https:\/\/festival2024.rixc.org\/wp-content\/uploads\/2024\/12\/54092611426_a106f71f68_k.jpg 2000w\" sizes=\"auto, (max-width: 1024px) 100vw, 1024px\" \/><figcaption class=\"wp-element-caption\"><em>Po-Hao Chi. Hydrospheric Sketch: A Sensorium of Moisture, 2024. Symbiotic Sense(s) exhibition, Riga, 2024. Photo: Lelde G\u016btmane<\/em><\/figcaption><\/figure>\n\n\n\n<p><strong>Po-Hao Chi (TW)<br>Hidrosf\u0113ras skice: Mitruma sensorijs<\/strong><br><em>2024<\/em><\/p>\n\n\n\n<p>M\u0101kslas darb\u0101 <em>Hidrosf\u0113ras skice<\/em> tiek p\u0113t\u012bta mitruma saj\u016btu pieredze hidrosf\u0113r\u0101, iedvesmojoties no main\u012bgaj\u0101m attiec\u012bb\u0101m starp cilv\u0113kiem, \u016bdeni un pils\u0113tvides att\u012bst\u012bbu Taiv\u0101nas Sjid\u017ei rajon\u0101, kas v\u0113sturiski paz\u012bstams k\u0101 <em>\u201cTsui-Tng-Ka\u201d<\/em>, kur savulaik sapl\u016bda upes un j\u016bras. Laika gait\u0101 cilv\u0113ka iejauk\u0161an\u0101s, piem\u0113ram, pl\u016bdu kontrole un pils\u0113tas papla\u0161in\u0101\u0161an\u0101s, ir att\u0101lin\u0101jusi rajonu no \u0161iem dabiskajiem ritmiem.<br>Jaunais nosaukums Sjid\u017ei, kas noz\u012bm\u0113 \u201cpaisuma un b\u0113guma beigas\u201d, atspogu\u013co cer\u012bbu, ka pl\u016bdi \u0161aj\u0101 apgabal\u0101 beidzot beigsies, kas liecina gan par \u0123eogr\u0101fisko mai\u0146u, gan par izz\u016bdo\u0161o saikni ar \u016bdeni, kas k\u0101dreiz noteica \u0161o re\u0123ionu un t\u0101 kopienu.<\/p>\n\n\n\n<p>M\u0101kslinieks iek\u013cauj hidrolo\u0123isko mezglu ierakstus un kadrus, re\u0101llaika vides datus un m\u0101ksl\u012bg\u0101 intelekta \u0123ener\u0113tus dokument\u0101las vizu\u0101liz\u0101cijas, kas balst\u012btas intervij\u0101s ar viet\u0113jiem iedz\u012bvot\u0101jiem. Tiek veidota konceptu\u0101la \u201cskice\u201d, kas iedzi\u013cin\u0101s uz att\u012bst\u012bbu v\u0113rstos kompromisos, \u016bdens simboliskaj\u0101 noz\u012bm\u0113 un kult\u016bras atmi\u0146as pak\u0101peniskaj\u0101 izzu\u0161an\u0101.<br>Instal\u0101cij\u0101 ir apkopoti vair\u0101ki ar \u016bdeni saist\u012bti elementi, lai izp\u0113t\u012btu, k\u0101 ikdienas ier\u012bces &#8211; piem\u0113ram, gaisa mitrin\u0101t\u0101ji un vied\u0101s m\u0101jas ier\u012bces medi\u0113 un papildina m\u016bsu ma\u0146u pieredzi.<\/p>\n\n\n\n<figure class=\"wp-block-image size-large\"><img loading=\"lazy\" decoding=\"async\" width=\"1024\" height=\"684\" src=\"https:\/\/festival2024.rixc.org\/wp-content\/uploads\/2024\/12\/54132208501_39ef8b5f4c_k-1-1024x684.jpg\" alt=\"\" class=\"wp-image-3556\" srcset=\"https:\/\/festival2024.rixc.org\/wp-content\/uploads\/2024\/12\/54132208501_39ef8b5f4c_k-1-1024x684.jpg 1024w, https:\/\/festival2024.rixc.org\/wp-content\/uploads\/2024\/12\/54132208501_39ef8b5f4c_k-1-300x200.jpg 300w, https:\/\/festival2024.rixc.org\/wp-content\/uploads\/2024\/12\/54132208501_39ef8b5f4c_k-1-768x513.jpg 768w, https:\/\/festival2024.rixc.org\/wp-content\/uploads\/2024\/12\/54132208501_39ef8b5f4c_k-1-1536x1025.jpg 1536w, https:\/\/festival2024.rixc.org\/wp-content\/uploads\/2024\/12\/54132208501_39ef8b5f4c_k-1.jpg 2048w\" sizes=\"auto, (max-width: 1024px) 100vw, 1024px\" \/><\/figure>\n\n\n\n<figure class=\"wp-block-image size-large\"><img loading=\"lazy\" decoding=\"async\" width=\"1024\" height=\"684\" src=\"https:\/\/festival2024.rixc.org\/wp-content\/uploads\/2024\/12\/54132675075_de24382afa_k-1024x684.jpg\" alt=\"\" class=\"wp-image-3557\" srcset=\"https:\/\/festival2024.rixc.org\/wp-content\/uploads\/2024\/12\/54132675075_de24382afa_k-1024x684.jpg 1024w, https:\/\/festival2024.rixc.org\/wp-content\/uploads\/2024\/12\/54132675075_de24382afa_k-300x200.jpg 300w, https:\/\/festival2024.rixc.org\/wp-content\/uploads\/2024\/12\/54132675075_de24382afa_k-768x513.jpg 768w, https:\/\/festival2024.rixc.org\/wp-content\/uploads\/2024\/12\/54132675075_de24382afa_k-1536x1025.jpg 1536w, https:\/\/festival2024.rixc.org\/wp-content\/uploads\/2024\/12\/54132675075_de24382afa_k.jpg 2048w\" sizes=\"auto, (max-width: 1024px) 100vw, 1024px\" \/><\/figure>\n\n\n\n<figure class=\"wp-block-image size-large\"><img loading=\"lazy\" decoding=\"async\" width=\"1024\" height=\"684\" src=\"https:\/\/festival2024.rixc.org\/wp-content\/uploads\/2024\/12\/54132497453_68627e3f54_k-1024x684.jpg\" alt=\"\" class=\"wp-image-3558\" srcset=\"https:\/\/festival2024.rixc.org\/wp-content\/uploads\/2024\/12\/54132497453_68627e3f54_k-1024x684.jpg 1024w, https:\/\/festival2024.rixc.org\/wp-content\/uploads\/2024\/12\/54132497453_68627e3f54_k-300x200.jpg 300w, https:\/\/festival2024.rixc.org\/wp-content\/uploads\/2024\/12\/54132497453_68627e3f54_k-768x513.jpg 768w, https:\/\/festival2024.rixc.org\/wp-content\/uploads\/2024\/12\/54132497453_68627e3f54_k-1536x1025.jpg 1536w, https:\/\/festival2024.rixc.org\/wp-content\/uploads\/2024\/12\/54132497453_68627e3f54_k.jpg 2048w\" sizes=\"auto, (max-width: 1024px) 100vw, 1024px\" \/><figcaption class=\"wp-element-caption\"><em>Po-Hao Chi. Hydrospheric Sketch: A Sensorium of Moisture, 2024. Symbiotic Sense(s) exhibition, Riga, 2024. Photos: Lelde G\u016btmane<\/em><\/figcaption><\/figure>\n\n\n\n<figure class=\"wp-block-image size-large\"><img loading=\"lazy\" decoding=\"async\" width=\"1024\" height=\"576\" src=\"https:\/\/festival2024.rixc.org\/wp-content\/uploads\/2024\/09\/DSC08384-1024x576.jpg\" alt=\"\" class=\"wp-image-3051\" srcset=\"https:\/\/festival2024.rixc.org\/wp-content\/uploads\/2024\/09\/DSC08384-1024x576.jpg 1024w, https:\/\/festival2024.rixc.org\/wp-content\/uploads\/2024\/09\/DSC08384-300x169.jpg 300w, https:\/\/festival2024.rixc.org\/wp-content\/uploads\/2024\/09\/DSC08384-768x432.jpg 768w, https:\/\/festival2024.rixc.org\/wp-content\/uploads\/2024\/09\/DSC08384-1536x864.jpg 1536w, https:\/\/festival2024.rixc.org\/wp-content\/uploads\/2024\/09\/DSC08384-2048x1152.jpg 2048w\" sizes=\"auto, (max-width: 1024px) 100vw, 1024px\" \/><figcaption class=\"wp-element-caption\"><mark style=\"background-color:rgba(0, 0, 0, 0)\" class=\"has-inline-color has-cyan-bluish-gray-color\">Installation view of <em>Resonance of Moisture<\/em>, Solo Exhibition by Chi Po-Hao, Hong&#8217;s Foundation \u2013 Project Seek, Taipei, 2023. Photo by Davix Xie.<\/mark><\/figcaption><\/figure>\n\n\n\n<figure class=\"wp-block-image size-large\"><img loading=\"lazy\" decoding=\"async\" width=\"1024\" height=\"683\" src=\"https:\/\/festival2024.rixc.org\/wp-content\/uploads\/2024\/09\/hydrophone_workshop-1024x683.jpeg\" alt=\"\" class=\"wp-image-3052\" srcset=\"https:\/\/festival2024.rixc.org\/wp-content\/uploads\/2024\/09\/hydrophone_workshop-1024x683.jpeg 1024w, https:\/\/festival2024.rixc.org\/wp-content\/uploads\/2024\/09\/hydrophone_workshop-300x200.jpeg 300w, https:\/\/festival2024.rixc.org\/wp-content\/uploads\/2024\/09\/hydrophone_workshop-768x512.jpeg 768w, https:\/\/festival2024.rixc.org\/wp-content\/uploads\/2024\/09\/hydrophone_workshop-1536x1024.jpeg 1536w, https:\/\/festival2024.rixc.org\/wp-content\/uploads\/2024\/09\/hydrophone_workshop-2048x1365.jpeg 2048w\" sizes=\"auto, (max-width: 1024px) 100vw, 1024px\" \/><figcaption class=\"wp-element-caption\"><mark style=\"background-color:rgba(0, 0, 0, 0)\" class=\"has-inline-color has-cyan-bluish-gray-color\">Hydrophone Workshop of <em>Traceability Project<\/em>, Xizhi, New Taipei City, 2023. Photo by Lin Pei-Yi.<\/mark><\/figcaption><\/figure>\n\n\n\n<figure class=\"wp-block-image size-large\"><img loading=\"lazy\" decoding=\"async\" width=\"1024\" height=\"576\" src=\"https:\/\/festival2024.rixc.org\/wp-content\/uploads\/2024\/09\/IoT_sensor_footage-1024x576.jpg\" alt=\"\" class=\"wp-image-3054\" srcset=\"https:\/\/festival2024.rixc.org\/wp-content\/uploads\/2024\/09\/IoT_sensor_footage-1024x576.jpg 1024w, https:\/\/festival2024.rixc.org\/wp-content\/uploads\/2024\/09\/IoT_sensor_footage-300x169.jpg 300w, https:\/\/festival2024.rixc.org\/wp-content\/uploads\/2024\/09\/IoT_sensor_footage-768x432.jpg 768w, https:\/\/festival2024.rixc.org\/wp-content\/uploads\/2024\/09\/IoT_sensor_footage-1536x864.jpg 1536w, https:\/\/festival2024.rixc.org\/wp-content\/uploads\/2024\/09\/IoT_sensor_footage-2048x1152.jpg 2048w\" sizes=\"auto, (max-width: 1024px) 100vw, 1024px\" \/><figcaption class=\"wp-element-caption\"><mark style=\"background-color:rgba(0, 0, 0, 0)\" class=\"has-inline-color has-cyan-bluish-gray-color\">Real-time environment sensing in Resonance of Moisture, Solo Exhibition by Chi Po-Hao, Hong&#8217;s Foundation \u2013 Project Seek, Taipei, 2023. Photo by Davix Xie.<\/mark><\/figcaption><\/figure>\n\n\n\n<figure class=\"wp-block-image size-large\"><img loading=\"lazy\" decoding=\"async\" width=\"1024\" height=\"768\" src=\"https:\/\/festival2024.rixc.org\/wp-content\/uploads\/2024\/09\/tracibility_project-1024x768.jpg\" alt=\"\" class=\"wp-image-3055\" srcset=\"https:\/\/festival2024.rixc.org\/wp-content\/uploads\/2024\/09\/tracibility_project-1024x768.jpg 1024w, https:\/\/festival2024.rixc.org\/wp-content\/uploads\/2024\/09\/tracibility_project-300x225.jpg 300w, https:\/\/festival2024.rixc.org\/wp-content\/uploads\/2024\/09\/tracibility_project-768x576.jpg 768w, https:\/\/festival2024.rixc.org\/wp-content\/uploads\/2024\/09\/tracibility_project-1536x1152.jpg 1536w, https:\/\/festival2024.rixc.org\/wp-content\/uploads\/2024\/09\/tracibility_project.jpg 1935w\" sizes=\"auto, (max-width: 1024px) 100vw, 1024px\" \/><figcaption class=\"wp-element-caption\"><mark style=\"background-color:rgba(0, 0, 0, 0)\" class=\"has-inline-color has-cyan-bluish-gray-color\">Installation view of Traceability Project, Sonic Sensory Lab, Taipei, 2023. Image courtesy of ZONESOUND CREATIVE.<\/mark><\/figcaption><\/figure>\n\n\n\n<figure class=\"wp-block-image size-large is-resized\"><img loading=\"lazy\" decoding=\"async\" width=\"1024\" height=\"768\" src=\"https:\/\/festival2024.rixc.org\/wp-content\/uploads\/2024\/09\/tracing_water_workshop-1024x768.jpg\" alt=\"\" class=\"wp-image-3056\" style=\"width:840px;height:auto\" srcset=\"https:\/\/festival2024.rixc.org\/wp-content\/uploads\/2024\/09\/tracing_water_workshop-1024x768.jpg 1024w, https:\/\/festival2024.rixc.org\/wp-content\/uploads\/2024\/09\/tracing_water_workshop-300x225.jpg 300w, https:\/\/festival2024.rixc.org\/wp-content\/uploads\/2024\/09\/tracing_water_workshop-768x576.jpg 768w, https:\/\/festival2024.rixc.org\/wp-content\/uploads\/2024\/09\/tracing_water_workshop-1536x1152.jpg 1536w, https:\/\/festival2024.rixc.org\/wp-content\/uploads\/2024\/09\/tracing_water_workshop-2048x1536.jpg 2048w\" sizes=\"auto, (max-width: 1024px) 100vw, 1024px\" \/><figcaption class=\"wp-element-caption\"><mark style=\"background-color:rgba(0, 0, 0, 0)\" class=\"has-inline-color has-cyan-bluish-gray-color\">Tracing Water Workshop of Traceability Project, Keelung River (Xizhi section), New Taipei City, 2023. Photo by Liu Ren-Ji.<\/mark><\/figcaption><\/figure>\n\n\n\n<figure class=\"wp-block-image size-full is-resized\"><img loading=\"lazy\" decoding=\"async\" width=\"368\" height=\"118\" src=\"https:\/\/festival2024.rixc.org\/wp-content\/uploads\/2024\/09\/LOGO-JP.png\" alt=\"\" class=\"wp-image-2989\" style=\"width:296px;height:auto\" srcset=\"https:\/\/festival2024.rixc.org\/wp-content\/uploads\/2024\/09\/LOGO-JP.png 368w, https:\/\/festival2024.rixc.org\/wp-content\/uploads\/2024\/09\/LOGO-JP-300x96.png 300w, https:\/\/festival2024.rixc.org\/wp-content\/uploads\/2024\/09\/LOGO-JP-291x93.png 291w\" sizes=\"auto, (max-width: 368px) 100vw, 368px\" \/><\/figure>\n\n\n\n<p><\/p>\n","protected":false},"excerpt":{"rendered":"<p>Po-Hao Chi (TW)Hydrospheric Sketch: A Sensorium of MoistureAudio recordings, dehumidifiers, humidifiers, flood mud ceramic, environment sensor, video, 2024 Hydrospheric Sketch explores the sensory experience of humidity within the hydrosphere, inspired by the evolving relationship between people, water, and urban development in Taiwan&#8217;s Xizhi district, historically known as &#8220;Tsui-Tng-Ka,&#8221; where river and sea tides once converged. [&hellip;]<\/p>\n","protected":false},"author":3,"featured_media":0,"parent":0,"menu_order":0,"comment_status":"closed","ping_status":"closed","template":"","meta":{"_acf_changed":false,"footnotes":""},"class_list":["post-2978","page","type-page","status-publish","hentry"],"acf":[],"_links":{"self":[{"href":"https:\/\/festival2024.rixc.org\/index.php?rest_route=\/wp\/v2\/pages\/2978","targetHints":{"allow":["GET"]}}],"collection":[{"href":"https:\/\/festival2024.rixc.org\/index.php?rest_route=\/wp\/v2\/pages"}],"about":[{"href":"https:\/\/festival2024.rixc.org\/index.php?rest_route=\/wp\/v2\/types\/page"}],"author":[{"embeddable":true,"href":"https:\/\/festival2024.rixc.org\/index.php?rest_route=\/wp\/v2\/users\/3"}],"replies":[{"embeddable":true,"href":"https:\/\/festival2024.rixc.org\/index.php?rest_route=%2Fwp%2Fv2%2Fcomments&post=2978"}],"version-history":[{"count":9,"href":"https:\/\/festival2024.rixc.org\/index.php?rest_route=\/wp\/v2\/pages\/2978\/revisions"}],"predecessor-version":[{"id":3559,"href":"https:\/\/festival2024.rixc.org\/index.php?rest_route=\/wp\/v2\/pages\/2978\/revisions\/3559"}],"wp:attachment":[{"href":"https:\/\/festival2024.rixc.org\/index.php?rest_route=%2Fwp%2Fv2%2Fmedia&parent=2978"}],"curies":[{"name":"wp","href":"https:\/\/api.w.org\/{rel}","templated":true}]}}