{"id":2976,"date":"2024-09-11T15:24:58","date_gmt":"2024-09-11T12:24:58","guid":{"rendered":"https:\/\/festival2024.rixc.org\/?page_id=2976"},"modified":"2024-12-15T23:39:13","modified_gmt":"2024-12-15T20:39:13","slug":"santa-france","status":"publish","type":"page","link":"https:\/\/festival2024.rixc.org\/?page_id=2976","title":{"rendered":"Santa France"},"content":{"rendered":"\n<p><strong>Santa France (LV)<\/strong><strong><br><\/strong><strong>Still Life with Fruiting Bodies<\/strong><\/p>\n\n\n\n<p><em>Digital print on dibond (120 x 180cm), 2024<\/em><\/p>\n\n\n\n<figure class=\"wp-block-image size-large\"><img loading=\"lazy\" decoding=\"async\" width=\"1024\" height=\"684\" src=\"https:\/\/festival2024.rixc.org\/wp-content\/uploads\/2024\/12\/54132207901_5d7317381c_k-1-1024x684.jpg\" alt=\"\" class=\"wp-image-3560\" srcset=\"https:\/\/festival2024.rixc.org\/wp-content\/uploads\/2024\/12\/54132207901_5d7317381c_k-1-1024x684.jpg 1024w, https:\/\/festival2024.rixc.org\/wp-content\/uploads\/2024\/12\/54132207901_5d7317381c_k-1-300x200.jpg 300w, https:\/\/festival2024.rixc.org\/wp-content\/uploads\/2024\/12\/54132207901_5d7317381c_k-1-768x513.jpg 768w, https:\/\/festival2024.rixc.org\/wp-content\/uploads\/2024\/12\/54132207901_5d7317381c_k-1-1536x1025.jpg 1536w, https:\/\/festival2024.rixc.org\/wp-content\/uploads\/2024\/12\/54132207901_5d7317381c_k-1.jpg 2048w\" sizes=\"auto, (max-width: 1024px) 100vw, 1024px\" \/><figcaption class=\"wp-element-caption\"><em>Santa France. Still Life with Fruiting Bodies, 2024. Symbiotic Sense(s) exhibition, Riga, 2024. Photo: Lelde G\u016btmane<\/em><\/figcaption><\/figure>\n\n\n\n<p>The two still life compositions explore the tradition of foraging for mushrooms within a consumer-driven world. Drawing from personal experience of mushroom hunting from an early age and nostalgia for field guide books, the diptych examines how this sustainable practice has become intertwined with modern consumer excess. The curated objects reflect the paradox of overconsumption, where rarity fuels desire, leading to cycles of exploitation and scarcity. While mushrooms naturally connect vast underground networks, this interconnectedness starkly contrasts with the isolation of overconsumption, where individuals grow distant from the origins of their food and environment, urging reflection on our impact on the natural world.<\/p>\n\n\n\n<p><strong>Santa France<\/strong> is a Latvian digital artist mainly focusing on exploring the potential of 3D software and its usage in creating web-collages, videos, animated .GIF images and digital illustrations. Her nearly photorealistic, yet uncanny compositions are characterized by their impossibly pristine surroundings and the contrasting organic and man-made objects. The established hyperreality draws attention to the software used in its creation, as well as uses its visual language to examine issues rooted in our contemporary existence, dealing with the themes of self-reflection, solitude, nostalgia and digital culture.<\/p>\n\n\n\n<figure class=\"wp-block-image size-large\"><img loading=\"lazy\" decoding=\"async\" width=\"1024\" height=\"683\" src=\"https:\/\/festival2024.rixc.org\/wp-content\/uploads\/2024\/12\/54099749614_c284a71996_k-1-1024x683.jpg\" alt=\"\" class=\"wp-image-3562\" srcset=\"https:\/\/festival2024.rixc.org\/wp-content\/uploads\/2024\/12\/54099749614_c284a71996_k-1-1024x683.jpg 1024w, https:\/\/festival2024.rixc.org\/wp-content\/uploads\/2024\/12\/54099749614_c284a71996_k-1-300x200.jpg 300w, https:\/\/festival2024.rixc.org\/wp-content\/uploads\/2024\/12\/54099749614_c284a71996_k-1-768x512.jpg 768w, https:\/\/festival2024.rixc.org\/wp-content\/uploads\/2024\/12\/54099749614_c284a71996_k-1-1536x1024.jpg 1536w, https:\/\/festival2024.rixc.org\/wp-content\/uploads\/2024\/12\/54099749614_c284a71996_k-1.jpg 2048w\" sizes=\"auto, (max-width: 1024px) 100vw, 1024px\" \/><figcaption class=\"wp-element-caption\"><em>Santa France. Still Life with Fruiting Bodies, 2024. Symbiotic Sense(s) exhibition, Riga, 2024. Photo: Krist\u012bne Madjare<\/em><\/figcaption><\/figure>\n\n\n\n<p><strong>Santa France (LV)<br>Klus\u0101 daba ar aug\u013c\u0137erme\u0146iem<\/strong><br><em>Digital\u0101 druka uz dibonda (120 x 180cm), 2024<\/em><\/p>\n\n\n\n<p>Divas klus\u0101s dabas kompoz\u012bcijas p\u0113ta s\u0113\u0146o\u0161anas trad\u012bcijas pat\u0113r\u0113t\u0101jsabiedr\u012bbas p\u0101r\u0146emtaj\u0101 pasaul\u0113. Pamatojoties uz person\u012bgo pieredzi, kas g\u016bta s\u0113\u0146u med\u012bb\u0101s agr\u0101 b\u0113rn\u012bb\u0101, un nostal\u0123iju p\u0113c lauku ce\u013cve\u017eu gr\u0101mat\u0101m, diptihs p\u0113ta, k\u0101 \u0161\u012b ilgtsp\u0113j\u012bg\u0101 prakse ir savijusies ar m\u016bsdienu p\u0101rm\u0113r\u012bgo pat\u0113ri\u0146u. Atlas\u012btie objekti atspogu\u013co pat\u0113r\u0113t\u0101ju kult\u016bras paradoksu, kur\u0101 reti sastopamais k\u013c\u016bst iek\u0101rojams, veicinot ekspluat\u0101ciju un tr\u016bkumu. Lai gan s\u0113nes dabiski savieno pla\u0161us pazemes t\u012bklus, \u0161\u012b savstarp\u0113j\u0101 saikne krasi kontrast\u0113 ar p\u0101rm\u0113r\u012bg\u0101 pat\u0113ri\u0146a izol\u0113t\u012bbu, kad cilv\u0113ki att\u0101lin\u0101s no p\u0101rtikas un vides pirmatn\u0113j\u0101s izcelsmes, mudinot p\u0101rdom\u0101t m\u016bsu ietekmi uz dabisko pasauli.<\/p>\n\n\n\n<figure class=\"wp-block-image size-full\"><img loading=\"lazy\" decoding=\"async\" width=\"682\" height=\"1024\" src=\"https:\/\/festival2024.rixc.org\/wp-content\/uploads\/2024\/09\/001_m.png\" alt=\"\" class=\"wp-image-3061\" srcset=\"https:\/\/festival2024.rixc.org\/wp-content\/uploads\/2024\/09\/001_m.png 682w, https:\/\/festival2024.rixc.org\/wp-content\/uploads\/2024\/09\/001_m-200x300.png 200w\" sizes=\"auto, (max-width: 682px) 100vw, 682px\" \/><figcaption class=\"wp-element-caption\"><mark style=\"background-color:rgba(0, 0, 0, 0)\" class=\"has-inline-color has-cyan-bluish-gray-color\">Isolated details from the compositions, 2024.<\/mark><\/figcaption><\/figure>\n\n\n\n<figure class=\"wp-block-image size-full\"><img loading=\"lazy\" decoding=\"async\" width=\"1024\" height=\"1024\" src=\"https:\/\/festival2024.rixc.org\/wp-content\/uploads\/2024\/09\/002-m.png\" alt=\"\" class=\"wp-image-3060\" srcset=\"https:\/\/festival2024.rixc.org\/wp-content\/uploads\/2024\/09\/002-m.png 1024w, https:\/\/festival2024.rixc.org\/wp-content\/uploads\/2024\/09\/002-m-300x300.png 300w, https:\/\/festival2024.rixc.org\/wp-content\/uploads\/2024\/09\/002-m-150x150.png 150w, https:\/\/festival2024.rixc.org\/wp-content\/uploads\/2024\/09\/002-m-768x768.png 768w, https:\/\/festival2024.rixc.org\/wp-content\/uploads\/2024\/09\/002-m-294x294.png 294w\" sizes=\"auto, (max-width: 1024px) 100vw, 1024px\" \/><figcaption class=\"wp-element-caption\"><mark style=\"background-color:rgba(0, 0, 0, 0)\" class=\"has-inline-color has-cyan-bluish-gray-color\">Isolated details from the compositions, 2024.<\/mark><\/figcaption><\/figure>\n\n\n\n<p><\/p>\n","protected":false},"excerpt":{"rendered":"<p>Santa France (LV)Still Life with Fruiting Bodies Digital print on dibond (120 x 180cm), 2024 The two still life compositions explore the tradition of foraging for mushrooms within a consumer-driven world. Drawing from personal experience of mushroom hunting from an early age and nostalgia for field guide books, the diptych examines how this sustainable practice [&hellip;]<\/p>\n","protected":false},"author":3,"featured_media":0,"parent":0,"menu_order":0,"comment_status":"closed","ping_status":"closed","template":"","meta":{"_acf_changed":false,"footnotes":""},"class_list":["post-2976","page","type-page","status-publish","hentry"],"acf":[],"_links":{"self":[{"href":"https:\/\/festival2024.rixc.org\/index.php?rest_route=\/wp\/v2\/pages\/2976","targetHints":{"allow":["GET"]}}],"collection":[{"href":"https:\/\/festival2024.rixc.org\/index.php?rest_route=\/wp\/v2\/pages"}],"about":[{"href":"https:\/\/festival2024.rixc.org\/index.php?rest_route=\/wp\/v2\/types\/page"}],"author":[{"embeddable":true,"href":"https:\/\/festival2024.rixc.org\/index.php?rest_route=\/wp\/v2\/users\/3"}],"replies":[{"embeddable":true,"href":"https:\/\/festival2024.rixc.org\/index.php?rest_route=%2Fwp%2Fv2%2Fcomments&post=2976"}],"version-history":[{"count":7,"href":"https:\/\/festival2024.rixc.org\/index.php?rest_route=\/wp\/v2\/pages\/2976\/revisions"}],"predecessor-version":[{"id":3563,"href":"https:\/\/festival2024.rixc.org\/index.php?rest_route=\/wp\/v2\/pages\/2976\/revisions\/3563"}],"wp:attachment":[{"href":"https:\/\/festival2024.rixc.org\/index.php?rest_route=%2Fwp%2Fv2%2Fmedia&parent=2976"}],"curies":[{"name":"wp","href":"https:\/\/api.w.org\/{rel}","templated":true}]}}