{"id":2974,"date":"2024-09-11T15:22:57","date_gmt":"2024-09-11T12:22:57","guid":{"rendered":"https:\/\/festival2024.rixc.org\/?page_id=2974"},"modified":"2024-12-15T23:21:46","modified_gmt":"2024-12-15T20:21:46","slug":"tatsuru-arai","status":"publish","type":"page","link":"https:\/\/festival2024.rixc.org\/?page_id=2974","title":{"rendered":"Tatsuru Arai"},"content":{"rendered":"\n<p><strong>Tatsuru Arai (DE\/JP)<\/strong><strong><br><\/strong><strong>Face Of the Universe<\/strong><strong><br><\/strong><em>A.I. paint\/draw system and another generative system, 2023<\/em><\/p>\n\n\n\n<figure class=\"wp-block-image size-large\"><img loading=\"lazy\" decoding=\"async\" width=\"1024\" height=\"684\" src=\"https:\/\/festival2024.rixc.org\/wp-content\/uploads\/2024\/12\/54131366862_991acab444_k-2-1024x684.jpg\" alt=\"\" class=\"wp-image-3548\" srcset=\"https:\/\/festival2024.rixc.org\/wp-content\/uploads\/2024\/12\/54131366862_991acab444_k-2-1024x684.jpg 1024w, https:\/\/festival2024.rixc.org\/wp-content\/uploads\/2024\/12\/54131366862_991acab444_k-2-300x200.jpg 300w, https:\/\/festival2024.rixc.org\/wp-content\/uploads\/2024\/12\/54131366862_991acab444_k-2-768x513.jpg 768w, https:\/\/festival2024.rixc.org\/wp-content\/uploads\/2024\/12\/54131366862_991acab444_k-2-1536x1025.jpg 1536w, https:\/\/festival2024.rixc.org\/wp-content\/uploads\/2024\/12\/54131366862_991acab444_k-2.jpg 2048w\" sizes=\"auto, (max-width: 1024px) 100vw, 1024px\" \/><figcaption class=\"wp-element-caption\"><em>Tatsuru Arai. Face of the Universe, 2023. Symbiotic Sense(s) exhibition, Riga, 2024. Photo: Lelde G\u016btmane<\/em><\/figcaption><\/figure>\n\n\n\n<p>Artist Tatsuru Arai is researching flowers in cities around the world and creating works that make full use of A.I. technology. In this project, he conducted a survey focusing on plant geopolitics, topography and ecosystems in the urban and rural areas of each city, and based on the differences and distribution of each region. The wild flowers that coexist in the urban area are part of the history of the ecosystem born from the nuclear fusion energy of the sun, and may be the \u201cface of the universe\u201d.<br>Tatsuru Arai&#8217;s main artistic theme is to present the fundamental physical nature of the universe in the form of perceptual experiences. His attempt is to realize the perception of music through a non-auditory sense by extracting and visualizing the geometric structure of music. Creating a way to experience a part of the nature of the universe through sound is his idea of the ultimate artistic work.<\/p>\n\n\n\n<p><strong>Tatsuru Arai<\/strong><br>2003\u20132009: Bachelor\u2019s and Diploma studies in composition with Akira Nishimura, Toshio Hosokawa, and Sunao Isaji at Tokyo College of Music.<br>2007: Composition class with Bernhard Lang at Impuls in Graz.<br>2009-2013: M.A. studies in Composition, Computer Programming, and Multimedia Art with Wolfgang Heiniger at the Academy of Music &#8220;Hanns Eisler&#8221; Berlin.<br>His opera Vitruvian was performed in Berlin and London, marking an innovative approach to contemporary opera by integrating classical music with new technology. His primary artistic theme is the fusion of classical compositions with new technology, a concept he calls &#8220;TRANS-AGES MUSIC.&#8221; His work seeks to present the fundamental physical nature of the universe through perceptual experiences, often described as the aesthetics of &#8220;geometric structure.&#8221; By exploring the human perception of sound \u2013 a physical phenomenon \u2013 he aims to reveal how these geometric structures help us understand the universe&#8217;s true nature, creating experiences that convey even a fragment of the universe&#8217;s essence through sound.<br>Since 2016, he has been composing Hyper Serial Music, which introduces innovations to the principles of Serialism by emphasising three key aspects: &#8220;structural,&#8221; &#8220;complex,&#8221; and &#8220;noisy.&#8221; Hyper-Serial Music is algorithmic music generated by state-of-the-art technology, including Artificial Intelligence, rather than solely by human intellect. He has performed this work in over 60 cities.<\/p>\n\n\n\n<figure class=\"wp-block-image size-large\"><img loading=\"lazy\" decoding=\"async\" width=\"1024\" height=\"684\" src=\"https:\/\/festival2024.rixc.org\/wp-content\/uploads\/2024\/12\/54092942294_c1eef83895_k-1-1024x684.jpg\" alt=\"\" class=\"wp-image-3549\" srcset=\"https:\/\/festival2024.rixc.org\/wp-content\/uploads\/2024\/12\/54092942294_c1eef83895_k-1-1024x684.jpg 1024w, https:\/\/festival2024.rixc.org\/wp-content\/uploads\/2024\/12\/54092942294_c1eef83895_k-1-300x200.jpg 300w, https:\/\/festival2024.rixc.org\/wp-content\/uploads\/2024\/12\/54092942294_c1eef83895_k-1-768x513.jpg 768w, https:\/\/festival2024.rixc.org\/wp-content\/uploads\/2024\/12\/54092942294_c1eef83895_k-1-1536x1025.jpg 1536w, https:\/\/festival2024.rixc.org\/wp-content\/uploads\/2024\/12\/54092942294_c1eef83895_k-1.jpg 2000w\" sizes=\"auto, (max-width: 1024px) 100vw, 1024px\" \/><figcaption class=\"wp-element-caption\"><em>Tatsuru Arai. Face of the Universe, 2023. Symbiotic Sense(s) exhibition, Riga, 2024. Photo: Lelde G\u016btmane<\/em><\/figcaption><\/figure>\n\n\n\n<p><strong>Tacuru Arai (DE\/JP)<br>Visuma seja<\/strong><br><em>2023<\/em><\/p>\n\n\n\n<p>Tacuru Arai p\u0113ta ziedus pils\u0113t\u0101s vis\u0101 pasaul\u0113 un rada darbus, kuros pilnv\u0113rt\u012bgi izmantotas m\u0101ksl\u012bg\u0101 intelekta tehnolo\u0123ijas. Projekt\u0101 Visuma seja, m\u0101kslinieks veic p\u0113t\u012bjumu, koncentr\u0113joties uz augu \u0123eopolitiku, topogr\u0101fiju un ekosist\u0113m\u0101m katras pils\u0113tas urb\u0101najos un lauku apvidos, k\u0101 ar\u012b pamatojoties uz to at\u0161\u0137ir\u012bb\u0101m un izplat\u012bbu katr\u0101 re\u0123ion\u0101. Savva\u013cas pu\u0137es, kas l\u012bdzpast\u0101v pils\u0113tu teritorij\u0101, ir da\u013ca no ekosist\u0113mas v\u0113stures, kas radusies no saules kodolsint\u0113zes ener\u0123ijas, un, iesp\u0113jams, uzskat\u0101mas par Visuma seju.<br>Tacuru Arai m\u0101ksliniecisko darbu centr\u0101 ir Visuma fizik\u0101lo pamatu att\u0113lojums, kas izpau\u017eas unik\u0101l\u0101s un neaizmirstam\u0101s uztveres pieredz\u0113s. Vi\u0146a m\u0113r\u0137is ir rad\u012bt m\u016bziku, kas sniedzas t\u0101l\u0101k par vienk\u0101r\u0161u klaus\u012b\u0161anos, \u013caujot tai k\u013c\u016bt uztveramai ar\u012b vizu\u0101li, izce\u013cot t\u0101s \u0123eometrisko strukt\u016bru. Rad\u012bt iesp\u0113ju caur ska\u0146u izjust da\u013cu no Visuma dabas, ir vi\u0146a izpratne par augst\u0101ko m\u0101kslas darbu.<\/p>\n\n\n\n<figure class=\"wp-block-image size-large\"><img loading=\"lazy\" decoding=\"async\" width=\"1024\" height=\"684\" src=\"https:\/\/festival2024.rixc.org\/wp-content\/uploads\/2024\/12\/54132554909_2183ac5cca_k-1024x684.jpg\" alt=\"\" class=\"wp-image-3550\" srcset=\"https:\/\/festival2024.rixc.org\/wp-content\/uploads\/2024\/12\/54132554909_2183ac5cca_k-1024x684.jpg 1024w, https:\/\/festival2024.rixc.org\/wp-content\/uploads\/2024\/12\/54132554909_2183ac5cca_k-300x200.jpg 300w, https:\/\/festival2024.rixc.org\/wp-content\/uploads\/2024\/12\/54132554909_2183ac5cca_k-768x513.jpg 768w, https:\/\/festival2024.rixc.org\/wp-content\/uploads\/2024\/12\/54132554909_2183ac5cca_k-1536x1025.jpg 1536w, https:\/\/festival2024.rixc.org\/wp-content\/uploads\/2024\/12\/54132554909_2183ac5cca_k.jpg 2048w\" sizes=\"auto, (max-width: 1024px) 100vw, 1024px\" \/><figcaption class=\"wp-element-caption\"><em>Tatsuru Arai. Face of the Universe, 2023. Symbiotic Sense(s) exhibition, Riga, 2024. Photo: Lelde G\u016btmane<\/em><\/figcaption><\/figure>\n\n\n\n<figure class=\"wp-block-image size-large\"><img loading=\"lazy\" decoding=\"async\" width=\"1024\" height=\"462\" src=\"https:\/\/festival2024.rixc.org\/wp-content\/uploads\/2024\/09\/FaceOfUniverse_CIKE3-1024x462.jpg\" alt=\"\" class=\"wp-image-3047\" srcset=\"https:\/\/festival2024.rixc.org\/wp-content\/uploads\/2024\/09\/FaceOfUniverse_CIKE3-1024x462.jpg 1024w, https:\/\/festival2024.rixc.org\/wp-content\/uploads\/2024\/09\/FaceOfUniverse_CIKE3-300x135.jpg 300w, https:\/\/festival2024.rixc.org\/wp-content\/uploads\/2024\/09\/FaceOfUniverse_CIKE3-768x346.jpg 768w, https:\/\/festival2024.rixc.org\/wp-content\/uploads\/2024\/09\/FaceOfUniverse_CIKE3-1536x692.jpg 1536w, https:\/\/festival2024.rixc.org\/wp-content\/uploads\/2024\/09\/FaceOfUniverse_CIKE3-2048x923.jpg 2048w\" sizes=\"auto, (max-width: 1024px) 100vw, 1024px\" \/><figcaption class=\"wp-element-caption\"><mark style=\"background-color:rgba(0, 0, 0, 0)\" class=\"has-inline-color has-cyan-bluish-gray-color\">Kunsthalle in Kosice, Kosice,16.\u201320.10.2023. ART &amp; tech Days in CIKE(Creative Industry Kosice) in Slovakia. EMAP (European Media Art Platform) residency program 2023.<\/mark><\/figcaption><\/figure>\n\n\n\n<figure class=\"wp-block-image size-large is-resized\"><img loading=\"lazy\" decoding=\"async\" width=\"596\" height=\"1024\" src=\"https:\/\/festival2024.rixc.org\/wp-content\/uploads\/2024\/09\/FaceOfUniverse_CIKE1-596x1024.jpg\" alt=\"\" class=\"wp-image-3048\" style=\"width:460px;height:auto\" srcset=\"https:\/\/festival2024.rixc.org\/wp-content\/uploads\/2024\/09\/FaceOfUniverse_CIKE1-596x1024.jpg 596w, https:\/\/festival2024.rixc.org\/wp-content\/uploads\/2024\/09\/FaceOfUniverse_CIKE1-175x300.jpg 175w, https:\/\/festival2024.rixc.org\/wp-content\/uploads\/2024\/09\/FaceOfUniverse_CIKE1-768x1319.jpg 768w, https:\/\/festival2024.rixc.org\/wp-content\/uploads\/2024\/09\/FaceOfUniverse_CIKE1-894x1536.jpg 894w, https:\/\/festival2024.rixc.org\/wp-content\/uploads\/2024\/09\/FaceOfUniverse_CIKE1-1193x2048.jpg 1193w, https:\/\/festival2024.rixc.org\/wp-content\/uploads\/2024\/09\/FaceOfUniverse_CIKE1.jpg 1439w\" sizes=\"auto, (max-width: 596px) 100vw, 596px\" \/><figcaption class=\"wp-element-caption\"><mark style=\"background-color:rgba(0, 0, 0, 0)\" class=\"has-inline-color has-cyan-bluish-gray-color\">Kunsthalle in Kosice, Kosice,16.\u201320.10.2023. ART &amp; tech Days in CIKE(Creative Industry Kosice) in Slovakia. EMAP (European Media Art Platform) residency program 2023.<\/mark><\/figcaption><\/figure>\n\n\n\n<figure class=\"wp-block-image size-large\"><img loading=\"lazy\" decoding=\"async\" width=\"462\" height=\"1024\" src=\"https:\/\/festival2024.rixc.org\/wp-content\/uploads\/2024\/09\/FaceOfUniverse_CIKE4-462x1024.jpg\" alt=\"\" class=\"wp-image-3049\" srcset=\"https:\/\/festival2024.rixc.org\/wp-content\/uploads\/2024\/09\/FaceOfUniverse_CIKE4-462x1024.jpg 462w, https:\/\/festival2024.rixc.org\/wp-content\/uploads\/2024\/09\/FaceOfUniverse_CIKE4-135x300.jpg 135w, https:\/\/festival2024.rixc.org\/wp-content\/uploads\/2024\/09\/FaceOfUniverse_CIKE4-768x1704.jpg 768w, https:\/\/festival2024.rixc.org\/wp-content\/uploads\/2024\/09\/FaceOfUniverse_CIKE4-692x1536.jpg 692w, https:\/\/festival2024.rixc.org\/wp-content\/uploads\/2024\/09\/FaceOfUniverse_CIKE4-923x2048.jpg 923w, https:\/\/festival2024.rixc.org\/wp-content\/uploads\/2024\/09\/FaceOfUniverse_CIKE4-scaled.jpg 1154w\" sizes=\"auto, (max-width: 462px) 100vw, 462px\" \/><figcaption class=\"wp-element-caption\"><mark style=\"background-color:rgba(0, 0, 0, 0)\" class=\"has-inline-color has-cyan-bluish-gray-color\">Kunsthalle in Kosice, Kosice,16.\u201320.10.2023. ART &amp; tech Days in CIKE(Creative Industry Kosice) in Slovakia. EMAP (European Media Art Platform) residency program 2023.<\/mark><\/figcaption><\/figure>\n\n\n\n<p><\/p>\n","protected":false},"excerpt":{"rendered":"<p>Tatsuru Arai (DE\/JP)Face Of the UniverseA.I. paint\/draw system and another generative system, 2023 Artist Tatsuru Arai is researching flowers in cities around the world and creating works that make full use of A.I. technology. In this project, he conducted a survey focusing on plant geopolitics, topography and ecosystems in the urban and rural areas of [&hellip;]<\/p>\n","protected":false},"author":3,"featured_media":0,"parent":0,"menu_order":0,"comment_status":"closed","ping_status":"closed","template":"","meta":{"_acf_changed":false,"footnotes":""},"class_list":["post-2974","page","type-page","status-publish","hentry"],"acf":[],"_links":{"self":[{"href":"https:\/\/festival2024.rixc.org\/index.php?rest_route=\/wp\/v2\/pages\/2974","targetHints":{"allow":["GET"]}}],"collection":[{"href":"https:\/\/festival2024.rixc.org\/index.php?rest_route=\/wp\/v2\/pages"}],"about":[{"href":"https:\/\/festival2024.rixc.org\/index.php?rest_route=\/wp\/v2\/types\/page"}],"author":[{"embeddable":true,"href":"https:\/\/festival2024.rixc.org\/index.php?rest_route=\/wp\/v2\/users\/3"}],"replies":[{"embeddable":true,"href":"https:\/\/festival2024.rixc.org\/index.php?rest_route=%2Fwp%2Fv2%2Fcomments&post=2974"}],"version-history":[{"count":6,"href":"https:\/\/festival2024.rixc.org\/index.php?rest_route=\/wp\/v2\/pages\/2974\/revisions"}],"predecessor-version":[{"id":3552,"href":"https:\/\/festival2024.rixc.org\/index.php?rest_route=\/wp\/v2\/pages\/2974\/revisions\/3552"}],"wp:attachment":[{"href":"https:\/\/festival2024.rixc.org\/index.php?rest_route=%2Fwp%2Fv2%2Fmedia&parent=2974"}],"curies":[{"name":"wp","href":"https:\/\/api.w.org\/{rel}","templated":true}]}}