{"id":2919,"date":"2024-07-29T17:05:55","date_gmt":"2024-07-29T14:05:55","guid":{"rendered":"https:\/\/festival2024.rixc.org\/?page_id=2919"},"modified":"2024-12-16T00:19:04","modified_gmt":"2024-12-15T21:19:04","slug":"retraining-laziness","status":"publish","type":"page","link":"https:\/\/festival2024.rixc.org\/?page_id=2919","title":{"rendered":"T(n)C"},"content":{"rendered":"\n<p><strong>T(n)C (DE\/HU)<\/strong><br><strong>Retraining Laziness<\/strong><br><em>Video installation, 2023<\/em><\/p>\n\n\n\n<figure class=\"wp-block-image size-large\"><img loading=\"lazy\" decoding=\"async\" width=\"1024\" height=\"684\" src=\"https:\/\/festival2024.rixc.org\/wp-content\/uploads\/2024\/12\/54132555394_ce299d11c9_k-1024x684.jpg\" alt=\"\" class=\"wp-image-3589\" srcset=\"https:\/\/festival2024.rixc.org\/wp-content\/uploads\/2024\/12\/54132555394_ce299d11c9_k-1024x684.jpg 1024w, https:\/\/festival2024.rixc.org\/wp-content\/uploads\/2024\/12\/54132555394_ce299d11c9_k-300x200.jpg 300w, https:\/\/festival2024.rixc.org\/wp-content\/uploads\/2024\/12\/54132555394_ce299d11c9_k-768x513.jpg 768w, https:\/\/festival2024.rixc.org\/wp-content\/uploads\/2024\/12\/54132555394_ce299d11c9_k-1536x1025.jpg 1536w, https:\/\/festival2024.rixc.org\/wp-content\/uploads\/2024\/12\/54132555394_ce299d11c9_k.jpg 2048w\" sizes=\"auto, (max-width: 1024px) 100vw, 1024px\" \/><figcaption class=\"wp-element-caption\"><em>T(n)C. Retraining Laziness, 2023. Symbiotic Sense(s) exhibition, Riga, 2024. Photo: Lelde G\u016btmane<\/em><\/figcaption><\/figure>\n\n\n\n<p>Fueled by an economic system that evaluates each individual based on their productivity, humans and machines are in competition with each other. In an effort to improve in order to stay relevant and benefit the society they belong to, they find themselves in a constant mode of self-exploitation. One works because one can, and not because one must. But due to an anomaly a robot abandons the assembly lines to explore an idle and independent existence.<br>The video series Retraining Laziness follows a conversation between a human worker and a malfunctioning robot as they discuss unhealthy production conditions and their own relationship to work and time.<\/p>\n\n\n\n<p><strong>T(n)C<\/strong> was founded in 2017 by Agnes Varnai and Tina Kult. They live and work in Vienna and experiment with a wide range of media, including virtual reality, 3D, installation, sculpture and film. By combining the different disciplines, they are researching immersive experiences to connect the digital and physical levels of realities. T(n)C\u2019s aim is to expand the practices of collective storytelling.<br>The works of T(n)C have been exhibited at various venues: Kunstraum Niederoesterreich (AT), WRO Biennale 2023 (PL), WIENWOCHE (AT), Vienna Design Week (AT), Rencontres Internationales Paris\/Berlin (FR\/DE), re;publica (DE). In 2022 they participated in the European Media Art Platform Residency Program at FACT in Liverpool.<\/p>\n\n\n\n<figure class=\"wp-block-image size-full\"><img loading=\"lazy\" decoding=\"async\" width=\"900\" height=\"506\" src=\"https:\/\/festival2024.rixc.org\/wp-content\/uploads\/2024\/07\/8-Retraining-Laziness_cTnC_2023_still-5.jpg\" alt=\"\" class=\"wp-image-2904\" srcset=\"https:\/\/festival2024.rixc.org\/wp-content\/uploads\/2024\/07\/8-Retraining-Laziness_cTnC_2023_still-5.jpg 900w, https:\/\/festival2024.rixc.org\/wp-content\/uploads\/2024\/07\/8-Retraining-Laziness_cTnC_2023_still-5-300x169.jpg 300w, https:\/\/festival2024.rixc.org\/wp-content\/uploads\/2024\/07\/8-Retraining-Laziness_cTnC_2023_still-5-768x432.jpg 768w\" sizes=\"auto, (max-width: 900px) 100vw, 900px\" \/><figcaption class=\"wp-element-caption\"><mark style=\"background-color:rgba(0, 0, 0, 0)\" class=\"has-inline-color has-cyan-bluish-gray-color\">Retraining Laziness, still, (c) TnC 2023.<\/mark><\/figcaption><\/figure>\n\n\n\n<p><strong>T(n)C (HU\/DE)<br>P\u0101rkvalific\u0113jot slinkumu<\/strong><br><em>Videoinstal\u0101cija, 2023<\/em><\/p>\n\n\n\n<p>Cilv\u0113ki un ma\u0161\u012bnas savstarp\u0113ji konkur\u0113, un to veicina ekonomisk\u0101 sist\u0113ma, kur\u0101 katrs indiv\u012bds tiek nov\u0113rt\u0113ts, pamatojoties uz vi\u0146a produktivit\u0101ti. Cen\u0161oties pilnveidoties, lai saglab\u0101tu savu noz\u012bmi un dotu labumu sabiedr\u012bbai, cilv\u0113ks un ma\u0161\u012bna attopas nep\u0101rtraukt\u0101 pa\u0161eksplut\u0101cijas re\u017e\u012bm\u0101. Cilv\u0113ks str\u0101d\u0101 t\u0101p\u0113c, ka var, nevis t\u0101p\u0113c, ka vi\u0146am ir j\u0101str\u0101d\u0101. Ta\u010du k\u0101das anom\u0101lijas d\u0113\u013c robots pamet ra\u017eo\u0161anas sist\u0113mas, lai s\u0101ktu bezdarb\u012bgu un neatkar\u012bgu eksistenci.<br>Video s\u0113rij\u0101 P\u0101rkvalific\u0113jot slinkumu iesp\u0113jams sekot l\u012bdzi sarunai starp str\u0101dnieku (cilv\u0113ku) un nepareizi funkcion\u0113jo\u0161u robotu, kuri apsprie\u017e nelabv\u0113l\u012bgos darba apst\u0101k\u013cus un savu pa\u0161u attiec\u012bbas ar darbu un laiku.<\/p>\n\n\n\n<p><strong>T(n)C<\/strong> 2017. gad\u0101 dibin\u0101ja Agnese Varnai un T\u012bna Kulta, kuras dz\u012bvo un str\u0101d\u0101 V\u012bn\u0113. M\u0101kslinieces eksperiment\u0113 ar da\u017e\u0101diem medijiem, tostarp virtu\u0101lo realit\u0101ti, 3D tehnolo\u0123ij\u0101m, instal\u0101cij\u0101m, skulpt\u016br\u0101m un film\u0101m. Apvienojot da\u017e\u0101das discipl\u012bnas, vi\u0146as p\u0113ta imers\u012bv\u0101s pieredzes, lai savienotu digit\u0101lo un fizisko realit\u0101ti.<\/p>\n\n\n\n<figure class=\"wp-block-image size-large\"><img loading=\"lazy\" decoding=\"async\" width=\"1024\" height=\"684\" src=\"https:\/\/festival2024.rixc.org\/wp-content\/uploads\/2024\/12\/54092942454_a06901dacf_k-1-1024x684.jpg\" alt=\"\" class=\"wp-image-3591\" srcset=\"https:\/\/festival2024.rixc.org\/wp-content\/uploads\/2024\/12\/54092942454_a06901dacf_k-1-1024x684.jpg 1024w, https:\/\/festival2024.rixc.org\/wp-content\/uploads\/2024\/12\/54092942454_a06901dacf_k-1-300x200.jpg 300w, https:\/\/festival2024.rixc.org\/wp-content\/uploads\/2024\/12\/54092942454_a06901dacf_k-1-768x513.jpg 768w, https:\/\/festival2024.rixc.org\/wp-content\/uploads\/2024\/12\/54092942454_a06901dacf_k-1-1536x1025.jpg 1536w, https:\/\/festival2024.rixc.org\/wp-content\/uploads\/2024\/12\/54092942454_a06901dacf_k-1.jpg 2000w\" sizes=\"auto, (max-width: 1024px) 100vw, 1024px\" \/><\/figure>\n\n\n\n<figure class=\"wp-block-image size-large\"><img loading=\"lazy\" decoding=\"async\" width=\"1024\" height=\"684\" src=\"https:\/\/festival2024.rixc.org\/wp-content\/uploads\/2024\/12\/54131367312_1c27258f51_k-1024x684.jpg\" alt=\"\" class=\"wp-image-3592\" srcset=\"https:\/\/festival2024.rixc.org\/wp-content\/uploads\/2024\/12\/54131367312_1c27258f51_k-1024x684.jpg 1024w, https:\/\/festival2024.rixc.org\/wp-content\/uploads\/2024\/12\/54131367312_1c27258f51_k-300x200.jpg 300w, https:\/\/festival2024.rixc.org\/wp-content\/uploads\/2024\/12\/54131367312_1c27258f51_k-768x513.jpg 768w, https:\/\/festival2024.rixc.org\/wp-content\/uploads\/2024\/12\/54131367312_1c27258f51_k-1536x1025.jpg 1536w, https:\/\/festival2024.rixc.org\/wp-content\/uploads\/2024\/12\/54131367312_1c27258f51_k.jpg 2048w\" sizes=\"auto, (max-width: 1024px) 100vw, 1024px\" \/><figcaption class=\"wp-element-caption\"><em>Symbiotic Sense(s) exhibition, Riga, 2024. Photos: Lelde G\u016btmane<\/em><\/figcaption><\/figure>\n\n\n\n<figure class=\"wp-block-image size-full\"><img loading=\"lazy\" decoding=\"async\" width=\"900\" height=\"600\" src=\"https:\/\/festival2024.rixc.org\/wp-content\/uploads\/2024\/09\/Retraining-Laziness_cTnC_2023_still-1.jpg\" alt=\"\" class=\"wp-image-3092\" srcset=\"https:\/\/festival2024.rixc.org\/wp-content\/uploads\/2024\/09\/Retraining-Laziness_cTnC_2023_still-1.jpg 900w, https:\/\/festival2024.rixc.org\/wp-content\/uploads\/2024\/09\/Retraining-Laziness_cTnC_2023_still-1-300x200.jpg 300w, https:\/\/festival2024.rixc.org\/wp-content\/uploads\/2024\/09\/Retraining-Laziness_cTnC_2023_still-1-768x512.jpg 768w\" sizes=\"auto, (max-width: 900px) 100vw, 900px\" \/><figcaption class=\"wp-element-caption\"><mark style=\"background-color:rgba(0, 0, 0, 0)\" class=\"has-inline-color has-cyan-bluish-gray-color\">Retraining Laziness, still, (c) TnC 2023.<\/mark><\/figcaption><\/figure>\n\n\n\n<figure class=\"wp-block-image size-full\"><img loading=\"lazy\" decoding=\"async\" width=\"900\" height=\"506\" src=\"https:\/\/festival2024.rixc.org\/wp-content\/uploads\/2024\/09\/Retraining-Laziness_cTnC_2023_still-6.jpg\" alt=\"\" class=\"wp-image-3093\" srcset=\"https:\/\/festival2024.rixc.org\/wp-content\/uploads\/2024\/09\/Retraining-Laziness_cTnC_2023_still-6.jpg 900w, https:\/\/festival2024.rixc.org\/wp-content\/uploads\/2024\/09\/Retraining-Laziness_cTnC_2023_still-6-300x169.jpg 300w, https:\/\/festival2024.rixc.org\/wp-content\/uploads\/2024\/09\/Retraining-Laziness_cTnC_2023_still-6-768x432.jpg 768w\" sizes=\"auto, (max-width: 900px) 100vw, 900px\" \/><figcaption class=\"wp-element-caption\"><mark style=\"background-color:rgba(0, 0, 0, 0)\" class=\"has-inline-color has-cyan-bluish-gray-color\">Retraining Laziness, still, (c) TnC 2023.<\/mark><\/figcaption><\/figure>\n\n\n\n<p><\/p>\n","protected":false},"excerpt":{"rendered":"<p>T(n)C (DE\/HU)Retraining LazinessVideo installation, 2023 Fueled by an economic system that evaluates each individual based on their productivity, humans and machines are in competition with each other. In an effort to improve in order to stay relevant and benefit the society they belong to, they find themselves in a constant mode of self-exploitation. One works [&hellip;]<\/p>\n","protected":false},"author":3,"featured_media":0,"parent":0,"menu_order":0,"comment_status":"closed","ping_status":"closed","template":"","meta":{"_acf_changed":false,"footnotes":""},"class_list":["post-2919","page","type-page","status-publish","hentry"],"acf":[],"_links":{"self":[{"href":"https:\/\/festival2024.rixc.org\/index.php?rest_route=\/wp\/v2\/pages\/2919","targetHints":{"allow":["GET"]}}],"collection":[{"href":"https:\/\/festival2024.rixc.org\/index.php?rest_route=\/wp\/v2\/pages"}],"about":[{"href":"https:\/\/festival2024.rixc.org\/index.php?rest_route=\/wp\/v2\/types\/page"}],"author":[{"embeddable":true,"href":"https:\/\/festival2024.rixc.org\/index.php?rest_route=\/wp\/v2\/users\/3"}],"replies":[{"embeddable":true,"href":"https:\/\/festival2024.rixc.org\/index.php?rest_route=%2Fwp%2Fv2%2Fcomments&post=2919"}],"version-history":[{"count":6,"href":"https:\/\/festival2024.rixc.org\/index.php?rest_route=\/wp\/v2\/pages\/2919\/revisions"}],"predecessor-version":[{"id":3594,"href":"https:\/\/festival2024.rixc.org\/index.php?rest_route=\/wp\/v2\/pages\/2919\/revisions\/3594"}],"wp:attachment":[{"href":"https:\/\/festival2024.rixc.org\/index.php?rest_route=%2Fwp%2Fv2%2Fmedia&parent=2919"}],"curies":[{"name":"wp","href":"https:\/\/api.w.org\/{rel}","templated":true}]}}